{"id":17558,"date":"2025-04-03T10:54:42","date_gmt":"2025-04-03T08:54:42","guid":{"rendered":"https:\/\/military-classic-auction.com\/?post_type=product&#038;p=17558"},"modified":"2025-04-03T10:54:43","modified_gmt":"2025-04-03T08:54:43","slug":"neues-deutschland-fur-klavier","status":"publish","type":"product","link":"https:\/\/military-classic-auction.com\/en\/product\/neues-deutschland-fur-klavier\/","title":{"rendered":"\u00ab\u00a0Neues Deutschland f\u00fcr klavier\u00a0\u00bb"},"content":{"rendered":"<p>\u00ab\u00a0Neues Deutschland f\u00fcr klavier\u00a0\u00bb<br \/>\nLivre de partition pour clavier.<br \/>\n\u00c9dition Schott<br \/>\nAnn\u00e9e 1933<br \/>\nFormat : 30,5 x 23,5 cm<br \/>\n48 pages<br \/>\n(En l&rsquo;\u00e9tat, usures)<br \/>\n&#8211;<br \/>\n\u00ab\u00a0Neues Deutschland f\u00fcr klavier\u00a0\u00bb<br \/>\nScore book for keyboard.<br \/>\nSchott edition<br \/>\nYear 1933<br \/>\nFormat: 12&Prime; x 9.2&Prime;<br \/>\n48 pages<br \/>\n(As is, worn)<\/p>","protected":false},"excerpt":{"rendered":"<p>\u00ab\u00a0Neues Deutschland f\u00fcr klavier\u00a0\u00bb Livre de partition pour clavier. \u00c9dition Schott Ann\u00e9e 1933 Format : 30,5 x 23,5 cm 48 pages (En l&rsquo;\u00e9tat, usures) &#8211; \u00ab\u00a0Neues Deutschland f\u00fcr klavier\u00a0\u00bb Score book for keyboard. Schott edition Year 1933 Format: 12&Prime; x 9.2&Prime; 48 pages (As is, worn)<\/p>","protected":false},"featured_media":16983,"template":"","meta":[],"product_brand":[],"product_cat":[79],"product_tag":[],"class_list":{"0":"post-17558","1":"product","2":"type-product","3":"status-publish","4":"has-post-thumbnail","6":"product_cat-livres-documents-du-reich","8":"first","9":"instock","10":"sold-individually","11":"purchasable","12":"product-type-auction"},"aioseo_notices":[],"_links":{"self":[{"href":"https:\/\/military-classic-auction.com\/en\/wp-json\/wp\/v2\/product\/17558","targetHints":{"allow":["GET"]}}],"collection":[{"href":"https:\/\/military-classic-auction.com\/en\/wp-json\/wp\/v2\/product"}],"about":[{"href":"https:\/\/military-classic-auction.com\/en\/wp-json\/wp\/v2\/types\/product"}],"wp:featuredmedia":[{"embeddable":true,"href":"https:\/\/military-classic-auction.com\/en\/wp-json\/wp\/v2\/media\/16983"}],"wp:attachment":[{"href":"https:\/\/military-classic-auction.com\/en\/wp-json\/wp\/v2\/media?parent=17558"}],"wp:term":[{"taxonomy":"product_brand","embeddable":true,"href":"https:\/\/military-classic-auction.com\/en\/wp-json\/wp\/v2\/product_brand?post=17558"},{"taxonomy":"product_cat","embeddable":true,"href":"https:\/\/military-classic-auction.com\/en\/wp-json\/wp\/v2\/product_cat?post=17558"},{"taxonomy":"product_tag","embeddable":true,"href":"https:\/\/military-classic-auction.com\/en\/wp-json\/wp\/v2\/product_tag?post=17558"}],"curies":[{"name":"wp","href":"https:\/\/api.w.org\/{rel}","templated":true}]}}