{"id":16930,"date":"2025-02-27T16:14:08","date_gmt":"2025-02-27T14:14:08","guid":{"rendered":"https:\/\/military-classic-auction.com\/?post_type=product&#038;p=16930"},"modified":"2025-02-27T16:14:08","modified_gmt":"2025-02-27T14:14:08","slug":"militaria-les-reserves-9-mars","status":"publish","type":"product","link":"https:\/\/military-classic-auction.com\/en\/product\/militaria-les-reserves-9-mars\/","title":{"rendered":"militaria les r\u00e9serves 9 Mars"},"content":{"rendered":"<p>Importante s\u00e9lection des r\u00e9serves de collections de Militaria tous bellig\u00e9rants, 1<sup>\u00e8re<\/sup> et 2<sup>\u00e8me<\/sup> guerre mondiale. Plus de 1000 lots seront propos\u00e9s aux ench\u00e8res, incluant une large s\u00e9lection d&rsquo;accessoires, casques, \u00e9quipements &amp; objets\u2026<\/p>\n<p><u>Vente &amp; Exposition a la maison de vente, 4 rue ch\u00e2tel 14500 VIRE.<\/u><\/p>\n<p>-Exposition des lots le vendredi 7 mars \u00e0 partir de 9h<\/p>\n<p>-Ventes et salle et Live Auction le samedi 8 &amp; dimanche 9 mars \u00e0 10h<\/p>\n<p><em>Important selection from the reserves of all belligerent WW1 and WW2 Militaria collections.Over 1000 lots will be offered for auction, including a wide selection of accessories, helmets, equipment &amp; objects&#8230;<\/em><\/p>\n<p><em>Sale &amp; Exhibition at the auction house, 4 rue ch\u00e2tel 14500 VIRE.<\/em><\/p>\n<p><em>-Lots on display Friday March 7 from 9am<\/em><\/p>\n<p><em>-Sales and Live Auction on Saturday March 8 &amp; Sunday March 9 at 10 a.m.<\/em><\/p>","protected":false},"excerpt":{"rendered":"<p>Importante s\u00e9lection des r\u00e9serves de collections de Militaria tous bellig\u00e9rants, 1\u00e8re et 2\u00e8me guerre mondiale. Plus de 1000 lots seront propos\u00e9s aux ench\u00e8res, incluant une large s\u00e9lection d&rsquo;accessoires, casques, \u00e9quipements &amp; objets\u2026 Vente &amp; Exposition a la maison de vente, 4 rue ch\u00e2tel 14500 VIRE. -Exposition des lots le vendredi 7 mars \u00e0 partir de<a class=\"more-link\" href=\"https:\/\/military-classic-auction.com\/en\/product\/militaria-les-reserves-9-mars\/\">Read more  &#10230;<\/a><\/p>","protected":false},"featured_media":16931,"template":"","meta":[],"product_brand":[],"product_cat":[80],"product_tag":[],"class_list":{"0":"post-16930","1":"product","2":"type-product","3":"status-publish","4":"has-post-thumbnail","6":"product_cat-militaria-les-reserves-9-mars","8":"first","9":"instock","10":"sold-individually","11":"taxable","12":"shipping-taxable","13":"product-type-simple"},"aioseo_notices":[],"_links":{"self":[{"href":"https:\/\/military-classic-auction.com\/en\/wp-json\/wp\/v2\/product\/16930","targetHints":{"allow":["GET"]}}],"collection":[{"href":"https:\/\/military-classic-auction.com\/en\/wp-json\/wp\/v2\/product"}],"about":[{"href":"https:\/\/military-classic-auction.com\/en\/wp-json\/wp\/v2\/types\/product"}],"wp:featuredmedia":[{"embeddable":true,"href":"https:\/\/military-classic-auction.com\/en\/wp-json\/wp\/v2\/media\/16931"}],"wp:attachment":[{"href":"https:\/\/military-classic-auction.com\/en\/wp-json\/wp\/v2\/media?parent=16930"}],"wp:term":[{"taxonomy":"product_brand","embeddable":true,"href":"https:\/\/military-classic-auction.com\/en\/wp-json\/wp\/v2\/product_brand?post=16930"},{"taxonomy":"product_cat","embeddable":true,"href":"https:\/\/military-classic-auction.com\/en\/wp-json\/wp\/v2\/product_cat?post=16930"},{"taxonomy":"product_tag","embeddable":true,"href":"https:\/\/military-classic-auction.com\/en\/wp-json\/wp\/v2\/product_tag?post=16930"}],"curies":[{"name":"wp","href":"https:\/\/api.w.org\/{rel}","templated":true}]}}