{"id":16911,"date":"2025-02-11T13:43:48","date_gmt":"2025-02-11T11:43:48","guid":{"rendered":"https:\/\/military-classic-auction.com\/?post_type=product&#038;p=16911"},"modified":"2025-02-21T13:02:18","modified_gmt":"2025-02-21T11:02:18","slug":"ensemble-de-cinq-barrettes-de-rappel-de-medailles-2","status":"publish","type":"product","link":"https:\/\/military-classic-auction.com\/en\/product\/ensemble-de-cinq-barrettes-de-rappel-de-medailles-2\/","title":{"rendered":"Ensemble de cinq barrettes de rappel de m\u00e9dailles"},"content":{"rendered":"<p>Ensemble de cinq barrettes de rappel de m\u00e9dailles<br \/>\nDiverses d\u00e9corations :<br \/>\n&#8211; Croix de fer 2\u00e8me classe<br \/>\n&#8211; Croix du m\u00e9rite avec glaives<br \/>\n&#8211; etc.<br \/>\nLongueur de la barrette 4 rappel : 6cm<br \/>\n&#8211;<br \/>\nSet of five medal reminder bars<br \/>\nVarious decorations:<br \/>\n&#8211; Iron Cross 2nd class<br \/>\n&#8211; Cross of Merit with swords<br \/>\n&#8211; etc.<br \/>\nLength of barrette 4 reminder: 2,3&Prime;<\/p>","protected":false},"excerpt":{"rendered":"<p>Ensemble de cinq barrettes de rappel de m\u00e9dailles Diverses d\u00e9corations : &#8211; Croix de fer 2\u00e8me classe &#8211; Croix du m\u00e9rite avec glaives &#8211; etc. Longueur de la barrette 4 rappel : 6cm &#8211; Set of five medal reminder bars Various decorations: &#8211; Iron Cross 2nd class &#8211; Cross of Merit with swords &#8211; etc.<a class=\"more-link\" href=\"https:\/\/military-classic-auction.com\/en\/product\/ensemble-de-cinq-barrettes-de-rappel-de-medailles-2\/\">Read more  &#10230;<\/a><\/p>","protected":false},"featured_media":16729,"template":"","meta":[],"product_brand":[],"product_cat":[77],"product_tag":[],"class_list":{"0":"post-16911","1":"product","2":"type-product","3":"status-publish","4":"has-post-thumbnail","6":"product_cat-coiffes-dagues-du-reich-2025-02","8":"first","9":"instock","10":"sold-individually","11":"purchasable","12":"product-type-auction"},"aioseo_notices":[],"_links":{"self":[{"href":"https:\/\/military-classic-auction.com\/en\/wp-json\/wp\/v2\/product\/16911","targetHints":{"allow":["GET"]}}],"collection":[{"href":"https:\/\/military-classic-auction.com\/en\/wp-json\/wp\/v2\/product"}],"about":[{"href":"https:\/\/military-classic-auction.com\/en\/wp-json\/wp\/v2\/types\/product"}],"wp:featuredmedia":[{"embeddable":true,"href":"https:\/\/military-classic-auction.com\/en\/wp-json\/wp\/v2\/media\/16729"}],"wp:attachment":[{"href":"https:\/\/military-classic-auction.com\/en\/wp-json\/wp\/v2\/media?parent=16911"}],"wp:term":[{"taxonomy":"product_brand","embeddable":true,"href":"https:\/\/military-classic-auction.com\/en\/wp-json\/wp\/v2\/product_brand?post=16911"},{"taxonomy":"product_cat","embeddable":true,"href":"https:\/\/military-classic-auction.com\/en\/wp-json\/wp\/v2\/product_cat?post=16911"},{"taxonomy":"product_tag","embeddable":true,"href":"https:\/\/military-classic-auction.com\/en\/wp-json\/wp\/v2\/product_tag?post=16911"}],"curies":[{"name":"wp","href":"https:\/\/api.w.org\/{rel}","templated":true}]}}