{"id":16910,"date":"2025-02-11T13:43:46","date_gmt":"2025-02-11T11:43:46","guid":{"rendered":"https:\/\/military-classic-auction.com\/?post_type=product&#038;p=16910"},"modified":"2025-02-22T07:29:15","modified_gmt":"2025-02-22T05:29:15","slug":"barrette-de-rappel-de-medailles-2","status":"publish","type":"product","link":"https:\/\/military-classic-auction.com\/en\/product\/barrette-de-rappel-de-medailles-2\/","title":{"rendered":"Barrette de rappel de m\u00e9dailles"},"content":{"rendered":"<p>Barrette de rappel de m\u00e9dailles<br \/>\n6 d\u00e9corations<br \/>\n&#8211; Croix de fer 2\u00e8me classe<br \/>\n&#8211; Croix du m\u00e9rite<br \/>\n&#8211; Front Russe<br \/>\n&#8211; Mur de l&rsquo;atlantique<br \/>\n&#8211; M\u00e9daille 1er octobre 1938.<br \/>\n&#8211; Luftschutz 2\u00e8me classe<br \/>\nLongueur : 9cm<br \/>\n&#8211;<br \/>\nMedal reminder bar<br \/>\n6 decorations<br \/>\n&#8211; Iron Cross 2nd class<br \/>\n&#8211; Cross of Merit<br \/>\n&#8211; Russian Front<br \/>\n&#8211; Atlantic Wall<br \/>\n&#8211; Medal October 1, 1938.<br \/>\n&#8211; Luftschutz 2nd class<br \/>\nLength: 3,5&Prime;<\/p>","protected":false},"excerpt":{"rendered":"<p>Barrette de rappel de m\u00e9dailles 6 d\u00e9corations &#8211; Croix de fer 2\u00e8me classe &#8211; Croix du m\u00e9rite &#8211; Front Russe &#8211; Mur de l&rsquo;atlantique &#8211; M\u00e9daille 1er octobre 1938. &#8211; Luftschutz 2\u00e8me classe Longueur : 9cm &#8211; Medal reminder bar 6 decorations &#8211; Iron Cross 2nd class &#8211; Cross of Merit &#8211; Russian Front &#8211;<a class=\"more-link\" href=\"https:\/\/military-classic-auction.com\/en\/product\/barrette-de-rappel-de-medailles-2\/\">Read more  &#10230;<\/a><\/p>","protected":false},"featured_media":16725,"template":"","meta":[],"product_brand":[],"product_cat":[77],"product_tag":[],"class_list":{"0":"post-16910","1":"product","2":"type-product","3":"status-publish","4":"has-post-thumbnail","6":"product_cat-coiffes-dagues-du-reich-2025-02","8":"first","9":"instock","10":"sold-individually","11":"purchasable","12":"product-type-auction"},"aioseo_notices":[],"_links":{"self":[{"href":"https:\/\/military-classic-auction.com\/en\/wp-json\/wp\/v2\/product\/16910","targetHints":{"allow":["GET"]}}],"collection":[{"href":"https:\/\/military-classic-auction.com\/en\/wp-json\/wp\/v2\/product"}],"about":[{"href":"https:\/\/military-classic-auction.com\/en\/wp-json\/wp\/v2\/types\/product"}],"wp:featuredmedia":[{"embeddable":true,"href":"https:\/\/military-classic-auction.com\/en\/wp-json\/wp\/v2\/media\/16725"}],"wp:attachment":[{"href":"https:\/\/military-classic-auction.com\/en\/wp-json\/wp\/v2\/media?parent=16910"}],"wp:term":[{"taxonomy":"product_brand","embeddable":true,"href":"https:\/\/military-classic-auction.com\/en\/wp-json\/wp\/v2\/product_brand?post=16910"},{"taxonomy":"product_cat","embeddable":true,"href":"https:\/\/military-classic-auction.com\/en\/wp-json\/wp\/v2\/product_cat?post=16910"},{"taxonomy":"product_tag","embeddable":true,"href":"https:\/\/military-classic-auction.com\/en\/wp-json\/wp\/v2\/product_tag?post=16910"}],"curies":[{"name":"wp","href":"https:\/\/api.w.org\/{rel}","templated":true}]}}