{"id":16908,"date":"2025-02-11T13:43:42","date_gmt":"2025-02-11T11:43:42","guid":{"rendered":"https:\/\/military-classic-auction.com\/?post_type=product&#038;p=16908"},"modified":"2025-02-21T17:18:58","modified_gmt":"2025-02-21T15:18:58","slug":"medaille-des-meres-echelon-argent-2","status":"publish","type":"product","link":"https:\/\/military-classic-auction.com\/en\/product\/medaille-des-meres-echelon-argent-2\/","title":{"rendered":"M\u00e9daille des M\u00e8res &#8211; \u00c9chelon \u00ab\u00a0Argent\u00a0\u00bb"},"content":{"rendered":"<p>M\u00e9daille des M\u00e8res &#8211; \u00c9chelon \u00ab\u00a0Argent\u00a0\u00bb<br \/>\nFabrication : \u00ab\u00a0Wilh. Deumer\u00a0\u00bb<br \/>\nCr\u00e9\u00e9e le 16 d\u00e9cembre 1938.<br \/>\nDans sa boite.<br \/>\n&#8211;<br \/>\nMothers&rsquo; Medal &#8211; \u00ab\u00a0Silver\u00a0\u00bb Level<br \/>\nManufactured: \u00ab\u00a0Wilh. Deumer\u00a0\u00bb<br \/>\nCreated on December 16, 1938.<br \/>\nIn its box.<\/p>","protected":false},"excerpt":{"rendered":"<p>M\u00e9daille des M\u00e8res &#8211; \u00c9chelon \u00ab\u00a0Argent\u00a0\u00bb Fabrication : \u00ab\u00a0Wilh. Deumer\u00a0\u00bb Cr\u00e9\u00e9e le 16 d\u00e9cembre 1938. Dans sa boite. &#8211; Mothers&rsquo; Medal &#8211; \u00ab\u00a0Silver\u00a0\u00bb Level Manufactured: \u00ab\u00a0Wilh. Deumer\u00a0\u00bb Created on December 16, 1938. In its box.<\/p>","protected":false},"featured_media":16717,"template":"","meta":[],"product_brand":[],"product_cat":[77],"product_tag":[],"class_list":{"0":"post-16908","1":"product","2":"type-product","3":"status-publish","4":"has-post-thumbnail","6":"product_cat-coiffes-dagues-du-reich-2025-02","8":"first","9":"instock","10":"sold-individually","11":"purchasable","12":"product-type-auction"},"aioseo_notices":[],"_links":{"self":[{"href":"https:\/\/military-classic-auction.com\/en\/wp-json\/wp\/v2\/product\/16908","targetHints":{"allow":["GET"]}}],"collection":[{"href":"https:\/\/military-classic-auction.com\/en\/wp-json\/wp\/v2\/product"}],"about":[{"href":"https:\/\/military-classic-auction.com\/en\/wp-json\/wp\/v2\/types\/product"}],"wp:featuredmedia":[{"embeddable":true,"href":"https:\/\/military-classic-auction.com\/en\/wp-json\/wp\/v2\/media\/16717"}],"wp:attachment":[{"href":"https:\/\/military-classic-auction.com\/en\/wp-json\/wp\/v2\/media?parent=16908"}],"wp:term":[{"taxonomy":"product_brand","embeddable":true,"href":"https:\/\/military-classic-auction.com\/en\/wp-json\/wp\/v2\/product_brand?post=16908"},{"taxonomy":"product_cat","embeddable":true,"href":"https:\/\/military-classic-auction.com\/en\/wp-json\/wp\/v2\/product_cat?post=16908"},{"taxonomy":"product_tag","embeddable":true,"href":"https:\/\/military-classic-auction.com\/en\/wp-json\/wp\/v2\/product_tag?post=16908"}],"curies":[{"name":"wp","href":"https:\/\/api.w.org\/{rel}","templated":true}]}}