{"id":16903,"date":"2025-02-11T13:43:33","date_gmt":"2025-02-11T11:43:33","guid":{"rendered":"https:\/\/military-classic-auction.com\/?post_type=product&#038;p=16903"},"modified":"2025-02-21T19:40:08","modified_gmt":"2025-02-21T17:40:08","slug":"medaille-dautriche-commemoration-du-13-mars-1938-4","status":"publish","type":"product","link":"https:\/\/military-classic-auction.com\/en\/product\/medaille-dautriche-commemoration-du-13-mars-1938-4\/","title":{"rendered":"M\u00e9daille d&rsquo;Autriche &#8211; Comm\u00e9moration du 13 mars 1938"},"content":{"rendered":"<p>M\u00e9daille d&rsquo;Autriche &#8211; Comm\u00e9moration du 13 mars 1938<br \/>\n\u00ab\u00a0EIN VOLK &#8211; EIN REICH &#8211; EIN F\u00dcHRER\u00a0\u00bb<br \/>\nRuban pr\u00e9sent.<br \/>\nDans sa boite.<br \/>\n&#8211;<br \/>\nAustrian Medal &#8211; Commemoration of March 13, 1938<br \/>\n\u00ab\u00a0EIN VOLK &#8211; EIN REICH &#8211; EIN F\u00dcHRER\u00a0\u00bb<br \/>\nRibbon present.<br \/>\nIn its box<\/p>","protected":false},"excerpt":{"rendered":"<p>M\u00e9daille d&rsquo;Autriche &#8211; Comm\u00e9moration du 13 mars 1938 \u00ab\u00a0EIN VOLK &#8211; EIN REICH &#8211; EIN F\u00dcHRER\u00a0\u00bb Ruban pr\u00e9sent. Dans sa boite. &#8211; Austrian Medal &#8211; Commemoration of March 13, 1938 \u00ab\u00a0EIN VOLK &#8211; EIN REICH &#8211; EIN F\u00dcHRER\u00a0\u00bb Ribbon present. In its box<\/p>","protected":false},"featured_media":16689,"template":"","meta":[],"product_brand":[],"product_cat":[77],"product_tag":[],"class_list":{"0":"post-16903","1":"product","2":"type-product","3":"status-publish","4":"has-post-thumbnail","6":"product_cat-coiffes-dagues-du-reich-2025-02","8":"first","9":"instock","10":"sold-individually","11":"purchasable","12":"product-type-auction"},"aioseo_notices":[],"_links":{"self":[{"href":"https:\/\/military-classic-auction.com\/en\/wp-json\/wp\/v2\/product\/16903","targetHints":{"allow":["GET"]}}],"collection":[{"href":"https:\/\/military-classic-auction.com\/en\/wp-json\/wp\/v2\/product"}],"about":[{"href":"https:\/\/military-classic-auction.com\/en\/wp-json\/wp\/v2\/types\/product"}],"wp:featuredmedia":[{"embeddable":true,"href":"https:\/\/military-classic-auction.com\/en\/wp-json\/wp\/v2\/media\/16689"}],"wp:attachment":[{"href":"https:\/\/military-classic-auction.com\/en\/wp-json\/wp\/v2\/media?parent=16903"}],"wp:term":[{"taxonomy":"product_brand","embeddable":true,"href":"https:\/\/military-classic-auction.com\/en\/wp-json\/wp\/v2\/product_brand?post=16903"},{"taxonomy":"product_cat","embeddable":true,"href":"https:\/\/military-classic-auction.com\/en\/wp-json\/wp\/v2\/product_cat?post=16903"},{"taxonomy":"product_tag","embeddable":true,"href":"https:\/\/military-classic-auction.com\/en\/wp-json\/wp\/v2\/product_tag?post=16903"}],"curies":[{"name":"wp","href":"https:\/\/api.w.org\/{rel}","templated":true}]}}