{"id":16882,"date":"2025-02-11T13:42:50","date_gmt":"2025-02-11T11:42:50","guid":{"rendered":"https:\/\/military-classic-auction.com\/?post_type=product&#038;p=16882"},"modified":"2025-02-11T13:42:51","modified_gmt":"2025-02-11T11:42:51","slug":"rallonge-de-beliere-4","status":"publish","type":"product","link":"https:\/\/military-classic-auction.com\/en\/product\/rallonge-de-beliere-4\/","title":{"rendered":"Rallonge de b\u00e9li\u00e8re"},"content":{"rendered":"<p>Rallonge de b\u00e9li\u00e8re<br \/>\nCrochet fonctionnel.<br \/>\nLongueur totale : 10,5cm<br \/>\n(usures)<br \/>\n&#8211;<br \/>\nBail extension<br \/>\nFunctional hook.<br \/>\nTotal length: 4,1&Prime;<br \/>\n(wear and tear)<\/p>","protected":false},"excerpt":{"rendered":"<p>Rallonge de b\u00e9li\u00e8re Crochet fonctionnel. Longueur totale : 10,5cm (usures) &#8211; Bail extension Functional hook. Total length: 4,1&Prime; (wear and tear)<\/p>","protected":false},"featured_media":16579,"template":"","meta":[],"product_brand":[],"product_cat":[77],"product_tag":[],"class_list":{"0":"post-16882","1":"product","2":"type-product","3":"status-publish","4":"has-post-thumbnail","6":"product_cat-coiffes-dagues-du-reich-2025-02","8":"first","9":"instock","10":"sold-individually","11":"purchasable","12":"product-type-auction"},"aioseo_notices":[],"_links":{"self":[{"href":"https:\/\/military-classic-auction.com\/en\/wp-json\/wp\/v2\/product\/16882","targetHints":{"allow":["GET"]}}],"collection":[{"href":"https:\/\/military-classic-auction.com\/en\/wp-json\/wp\/v2\/product"}],"about":[{"href":"https:\/\/military-classic-auction.com\/en\/wp-json\/wp\/v2\/types\/product"}],"wp:featuredmedia":[{"embeddable":true,"href":"https:\/\/military-classic-auction.com\/en\/wp-json\/wp\/v2\/media\/16579"}],"wp:attachment":[{"href":"https:\/\/military-classic-auction.com\/en\/wp-json\/wp\/v2\/media?parent=16882"}],"wp:term":[{"taxonomy":"product_brand","embeddable":true,"href":"https:\/\/military-classic-auction.com\/en\/wp-json\/wp\/v2\/product_brand?post=16882"},{"taxonomy":"product_cat","embeddable":true,"href":"https:\/\/military-classic-auction.com\/en\/wp-json\/wp\/v2\/product_cat?post=16882"},{"taxonomy":"product_tag","embeddable":true,"href":"https:\/\/military-classic-auction.com\/en\/wp-json\/wp\/v2\/product_tag?post=16882"}],"curies":[{"name":"wp","href":"https:\/\/api.w.org\/{rel}","templated":true}]}}