{"id":16879,"date":"2025-02-11T13:42:43","date_gmt":"2025-02-11T11:42:43","guid":{"rendered":"https:\/\/military-classic-auction.com\/?post_type=product&#038;p=16879"},"modified":"2025-02-11T13:42:44","modified_gmt":"2025-02-11T11:42:44","slug":"rallonge-de-beliere-3","status":"publish","type":"product","link":"https:\/\/military-classic-auction.com\/en\/product\/rallonge-de-beliere-3\/","title":{"rendered":"Rallonge de b\u00e9li\u00e8re"},"content":{"rendered":"<p>Rallonge de b\u00e9li\u00e8re<br \/>\nCuir marron.<br \/>\nCrochet fonctionnel.<br \/>\nLongueur totale : 11cm<br \/>\n&#8211;<br \/>\nBail extension<br \/>\nBrown leather.<br \/>\nFunctional hook.<br \/>\nTotal length: 4,3&Prime;<\/p>","protected":false},"excerpt":{"rendered":"<p>Rallonge de b\u00e9li\u00e8re Cuir marron. Crochet fonctionnel. Longueur totale : 11cm &#8211; Bail extension Brown leather. Functional hook. Total length: 4,3&Prime;<\/p>","protected":false},"featured_media":16567,"template":"","meta":[],"product_brand":[],"product_cat":[77],"product_tag":[],"class_list":{"0":"post-16879","1":"product","2":"type-product","3":"status-publish","4":"has-post-thumbnail","6":"product_cat-coiffes-dagues-du-reich-2025-02","8":"first","9":"instock","10":"sold-individually","11":"purchasable","12":"product-type-auction"},"aioseo_notices":[],"_links":{"self":[{"href":"https:\/\/military-classic-auction.com\/en\/wp-json\/wp\/v2\/product\/16879","targetHints":{"allow":["GET"]}}],"collection":[{"href":"https:\/\/military-classic-auction.com\/en\/wp-json\/wp\/v2\/product"}],"about":[{"href":"https:\/\/military-classic-auction.com\/en\/wp-json\/wp\/v2\/types\/product"}],"wp:featuredmedia":[{"embeddable":true,"href":"https:\/\/military-classic-auction.com\/en\/wp-json\/wp\/v2\/media\/16567"}],"wp:attachment":[{"href":"https:\/\/military-classic-auction.com\/en\/wp-json\/wp\/v2\/media?parent=16879"}],"wp:term":[{"taxonomy":"product_brand","embeddable":true,"href":"https:\/\/military-classic-auction.com\/en\/wp-json\/wp\/v2\/product_brand?post=16879"},{"taxonomy":"product_cat","embeddable":true,"href":"https:\/\/military-classic-auction.com\/en\/wp-json\/wp\/v2\/product_cat?post=16879"},{"taxonomy":"product_tag","embeddable":true,"href":"https:\/\/military-classic-auction.com\/en\/wp-json\/wp\/v2\/product_tag?post=16879"}],"curies":[{"name":"wp","href":"https:\/\/api.w.org\/{rel}","templated":true}]}}