{"id":16875,"date":"2025-02-11T13:42:35","date_gmt":"2025-02-11T11:42:35","guid":{"rendered":"https:\/\/military-classic-auction.com\/?post_type=product&#038;p=16875"},"modified":"2025-02-21T12:52:46","modified_gmt":"2025-02-21T10:52:46","slug":"baudrier-en-cuir-noir-7","status":"publish","type":"product","link":"https:\/\/military-classic-auction.com\/en\/product\/baudrier-en-cuir-noir-7\/","title":{"rendered":"Baudrier en cuir noir"},"content":{"rendered":"<p>Baudrier en cuir noir<br \/>\nFabrication : \u00ab\u00a0cxb\u00a0\u00bb<br \/>\nDat\u00e9 1942<br \/>\nWaffenamt pr\u00e9sent.<br \/>\nCrochets fonctionnels.<br \/>\n(En l&rsquo;\u00e9tat, usures)<br \/>\n&#8211;<br \/>\nBlack leather harness<br \/>\nManufacture: \u00ab\u00a0cxb\u00a0\u00bb<br \/>\nDated 1942<br \/>\nWaffenamt present.<br \/>\nFunctional hooks.<\/p>","protected":false},"excerpt":{"rendered":"<p>Baudrier en cuir noir Fabrication : \u00ab\u00a0cxb\u00a0\u00bb Dat\u00e9 1942 Waffenamt pr\u00e9sent. Crochets fonctionnels. (En l&rsquo;\u00e9tat, usures) &#8211; Black leather harness Manufacture: \u00ab\u00a0cxb\u00a0\u00bb Dated 1942 Waffenamt present. Functional hooks.<\/p>","protected":false},"featured_media":16546,"template":"","meta":[],"product_brand":[],"product_cat":[77],"product_tag":[],"class_list":{"0":"post-16875","1":"product","2":"type-product","3":"status-publish","4":"has-post-thumbnail","6":"product_cat-coiffes-dagues-du-reich-2025-02","8":"first","9":"instock","10":"sold-individually","11":"purchasable","12":"product-type-auction"},"aioseo_notices":[],"_links":{"self":[{"href":"https:\/\/military-classic-auction.com\/en\/wp-json\/wp\/v2\/product\/16875","targetHints":{"allow":["GET"]}}],"collection":[{"href":"https:\/\/military-classic-auction.com\/en\/wp-json\/wp\/v2\/product"}],"about":[{"href":"https:\/\/military-classic-auction.com\/en\/wp-json\/wp\/v2\/types\/product"}],"wp:featuredmedia":[{"embeddable":true,"href":"https:\/\/military-classic-auction.com\/en\/wp-json\/wp\/v2\/media\/16546"}],"wp:attachment":[{"href":"https:\/\/military-classic-auction.com\/en\/wp-json\/wp\/v2\/media?parent=16875"}],"wp:term":[{"taxonomy":"product_brand","embeddable":true,"href":"https:\/\/military-classic-auction.com\/en\/wp-json\/wp\/v2\/product_brand?post=16875"},{"taxonomy":"product_cat","embeddable":true,"href":"https:\/\/military-classic-auction.com\/en\/wp-json\/wp\/v2\/product_cat?post=16875"},{"taxonomy":"product_tag","embeddable":true,"href":"https:\/\/military-classic-auction.com\/en\/wp-json\/wp\/v2\/product_tag?post=16875"}],"curies":[{"name":"wp","href":"https:\/\/api.w.org\/{rel}","templated":true}]}}