{"id":16855,"date":"2025-02-11T13:41:44","date_gmt":"2025-02-11T11:41:44","guid":{"rendered":"https:\/\/military-classic-auction.com\/?post_type=product&#038;p=16855"},"modified":"2025-02-22T09:57:44","modified_gmt":"2025-02-22T07:57:44","slug":"casquette-de-la-reichsbahn-2","status":"publish","type":"product","link":"https:\/\/military-classic-auction.com\/en\/product\/casquette-de-la-reichsbahn-2\/","title":{"rendered":"Casquette de la Reichsbahn"},"content":{"rendered":"<p>Casquette de la Reichsbahn<br \/>\nFabrication : Peter K\u00fcpper<br \/>\nTaille : 57 1\/2<br \/>\nJugulaire manquante.<br \/>\n(En l&rsquo;\u00e9tat, usures, visi\u00e8re l\u00e9g\u00e8rement d\u00e9cousue)<br \/>\n&#8211;<br \/>\nReichsbahn cap<br \/>\nManufacture: Peter K\u00fcpper<br \/>\nSize: 57 1\/2<br \/>\nChinstrap missing.<br \/>\n(As is, wear and tear, visor slightly detached)<\/p>","protected":false},"excerpt":{"rendered":"<p>Casquette de la Reichsbahn Fabrication : Peter K\u00fcpper Taille : 57 1\/2 Jugulaire manquante. (En l&rsquo;\u00e9tat, usures, visi\u00e8re l\u00e9g\u00e8rement d\u00e9cousue) &#8211; Reichsbahn cap Manufacture: Peter K\u00fcpper Size: 57 1\/2 Chinstrap missing. (As is, wear and tear, visor slightly detached)<\/p>","protected":false},"featured_media":16412,"template":"","meta":[],"product_brand":[],"product_cat":[77],"product_tag":[],"class_list":{"0":"post-16855","1":"product","2":"type-product","3":"status-publish","4":"has-post-thumbnail","6":"product_cat-coiffes-dagues-du-reich-2025-02","8":"first","9":"instock","10":"sold-individually","11":"purchasable","12":"product-type-auction"},"aioseo_notices":[],"_links":{"self":[{"href":"https:\/\/military-classic-auction.com\/en\/wp-json\/wp\/v2\/product\/16855","targetHints":{"allow":["GET"]}}],"collection":[{"href":"https:\/\/military-classic-auction.com\/en\/wp-json\/wp\/v2\/product"}],"about":[{"href":"https:\/\/military-classic-auction.com\/en\/wp-json\/wp\/v2\/types\/product"}],"wp:featuredmedia":[{"embeddable":true,"href":"https:\/\/military-classic-auction.com\/en\/wp-json\/wp\/v2\/media\/16412"}],"wp:attachment":[{"href":"https:\/\/military-classic-auction.com\/en\/wp-json\/wp\/v2\/media?parent=16855"}],"wp:term":[{"taxonomy":"product_brand","embeddable":true,"href":"https:\/\/military-classic-auction.com\/en\/wp-json\/wp\/v2\/product_brand?post=16855"},{"taxonomy":"product_cat","embeddable":true,"href":"https:\/\/military-classic-auction.com\/en\/wp-json\/wp\/v2\/product_cat?post=16855"},{"taxonomy":"product_tag","embeddable":true,"href":"https:\/\/military-classic-auction.com\/en\/wp-json\/wp\/v2\/product_tag?post=16855"}],"curies":[{"name":"wp","href":"https:\/\/api.w.org\/{rel}","templated":true}]}}