{"id":16854,"date":"2025-02-11T13:41:42","date_gmt":"2025-02-11T11:41:42","guid":{"rendered":"https:\/\/military-classic-auction.com\/?post_type=product&#038;p=16854"},"modified":"2025-02-22T10:34:05","modified_gmt":"2025-02-22T08:34:05","slug":"casquette-de-la-reichsbahn","status":"publish","type":"product","link":"https:\/\/military-classic-auction.com\/en\/product\/casquette-de-la-reichsbahn\/","title":{"rendered":"Casquette de la Reichsbahn"},"content":{"rendered":"<p>Casquette de la Reichsbahn<br \/>\nPas de marquage fabricant visible.<br \/>\nAvec jugulaire.<br \/>\nBandeau d\u00e9solidaris\u00e9 au niveau de la visi\u00e8re.<br \/>\n(En l&rsquo;\u00e9tat, usures, l\u00e9chures de mites, traces d&rsquo;humidit\u00e9)<br \/>\n&#8211;<br \/>\nReichsbahn cap<br \/>\nNo visible manufacturer&rsquo;s markings.<br \/>\nWith chinstrap.<br \/>\nHeadband detached at visor.<br \/>\n(As is, wear, moth damage, traces of moisture).<\/p>","protected":false},"excerpt":{"rendered":"<p>Casquette de la Reichsbahn Pas de marquage fabricant visible. Avec jugulaire. Bandeau d\u00e9solidaris\u00e9 au niveau de la visi\u00e8re. (En l&rsquo;\u00e9tat, usures, l\u00e9chures de mites, traces d&rsquo;humidit\u00e9) &#8211; Reichsbahn cap No visible manufacturer&rsquo;s markings. With chinstrap. Headband detached at visor. (As is, wear, moth damage, traces of moisture).<\/p>","protected":false},"featured_media":16397,"template":"","meta":[],"product_brand":[],"product_cat":[77],"product_tag":[],"class_list":{"0":"post-16854","1":"product","2":"type-product","3":"status-publish","4":"has-post-thumbnail","6":"product_cat-coiffes-dagues-du-reich-2025-02","8":"first","9":"instock","10":"sold-individually","11":"purchasable","12":"product-type-auction"},"aioseo_notices":[],"_links":{"self":[{"href":"https:\/\/military-classic-auction.com\/en\/wp-json\/wp\/v2\/product\/16854","targetHints":{"allow":["GET"]}}],"collection":[{"href":"https:\/\/military-classic-auction.com\/en\/wp-json\/wp\/v2\/product"}],"about":[{"href":"https:\/\/military-classic-auction.com\/en\/wp-json\/wp\/v2\/types\/product"}],"wp:featuredmedia":[{"embeddable":true,"href":"https:\/\/military-classic-auction.com\/en\/wp-json\/wp\/v2\/media\/16397"}],"wp:attachment":[{"href":"https:\/\/military-classic-auction.com\/en\/wp-json\/wp\/v2\/media?parent=16854"}],"wp:term":[{"taxonomy":"product_brand","embeddable":true,"href":"https:\/\/military-classic-auction.com\/en\/wp-json\/wp\/v2\/product_brand?post=16854"},{"taxonomy":"product_cat","embeddable":true,"href":"https:\/\/military-classic-auction.com\/en\/wp-json\/wp\/v2\/product_cat?post=16854"},{"taxonomy":"product_tag","embeddable":true,"href":"https:\/\/military-classic-auction.com\/en\/wp-json\/wp\/v2\/product_tag?post=16854"}],"curies":[{"name":"wp","href":"https:\/\/api.w.org\/{rel}","templated":true}]}}