{"id":16851,"date":"2025-02-11T13:41:31","date_gmt":"2025-02-11T11:41:31","guid":{"rendered":"https:\/\/military-classic-auction.com\/?post_type=product&#038;p=16851"},"modified":"2025-02-22T10:08:07","modified_gmt":"2025-02-22T08:08:07","slug":"calot-troupe-luftwaffe","status":"publish","type":"product","link":"https:\/\/military-classic-auction.com\/en\/product\/calot-troupe-luftwaffe\/","title":{"rendered":"Calot troupe Luftwaffe"},"content":{"rendered":"<p>Calot troupe Luftwaffe<br \/>\nTampon fabricant pr\u00e9sent.<br \/>\nDat\u00e9 1939<br \/>\nTaille : 57<br \/>\n(En l&rsquo;\u00e9tat, usures, l\u00e9chures de mites)<br \/>\n&#8211;<br \/>\nLuftwaffe troop cap<br \/>\nManufacturer&rsquo;s stamp present.<br \/>\nDated 1939<br \/>\nSize : 57<br \/>\n(As is, wear, moth damage)<\/p>","protected":false},"excerpt":{"rendered":"<p>Calot troupe Luftwaffe Tampon fabricant pr\u00e9sent. Dat\u00e9 1939 Taille : 57 (En l&rsquo;\u00e9tat, usures, l\u00e9chures de mites) &#8211; Luftwaffe troop cap Manufacturer&rsquo;s stamp present. Dated 1939 Size : 57 (As is, wear, moth damage)<\/p>","protected":false},"featured_media":16372,"template":"","meta":[],"product_brand":[],"product_cat":[77],"product_tag":[],"class_list":{"0":"post-16851","1":"product","2":"type-product","3":"status-publish","4":"has-post-thumbnail","6":"product_cat-coiffes-dagues-du-reich-2025-02","8":"first","9":"instock","10":"sold-individually","11":"purchasable","12":"product-type-auction"},"aioseo_notices":[],"_links":{"self":[{"href":"https:\/\/military-classic-auction.com\/en\/wp-json\/wp\/v2\/product\/16851","targetHints":{"allow":["GET"]}}],"collection":[{"href":"https:\/\/military-classic-auction.com\/en\/wp-json\/wp\/v2\/product"}],"about":[{"href":"https:\/\/military-classic-auction.com\/en\/wp-json\/wp\/v2\/types\/product"}],"wp:featuredmedia":[{"embeddable":true,"href":"https:\/\/military-classic-auction.com\/en\/wp-json\/wp\/v2\/media\/16372"}],"wp:attachment":[{"href":"https:\/\/military-classic-auction.com\/en\/wp-json\/wp\/v2\/media?parent=16851"}],"wp:term":[{"taxonomy":"product_brand","embeddable":true,"href":"https:\/\/military-classic-auction.com\/en\/wp-json\/wp\/v2\/product_brand?post=16851"},{"taxonomy":"product_cat","embeddable":true,"href":"https:\/\/military-classic-auction.com\/en\/wp-json\/wp\/v2\/product_cat?post=16851"},{"taxonomy":"product_tag","embeddable":true,"href":"https:\/\/military-classic-auction.com\/en\/wp-json\/wp\/v2\/product_tag?post=16851"}],"curies":[{"name":"wp","href":"https:\/\/api.w.org\/{rel}","templated":true}]}}