{"id":16850,"date":"2025-02-11T13:41:28","date_gmt":"2025-02-11T11:41:28","guid":{"rendered":"https:\/\/military-classic-auction.com\/?post_type=product&#038;p=16850"},"modified":"2025-02-21T20:17:27","modified_gmt":"2025-02-21T18:17:27","slug":"ceinturon-en-tissu-dofficier-luftwaffe-3","status":"publish","type":"product","link":"https:\/\/military-classic-auction.com\/en\/product\/ceinturon-en-tissu-dofficier-luftwaffe-3\/","title":{"rendered":"Ceinturon en tissu d&rsquo;officier  &#8211; Luftwaffe"},"content":{"rendered":"<p>Ceinturon en tissu d&rsquo;officier  &#8211; Luftwaffe<br \/>\nPour tenue de sortie ou de d\u00e9fil\u00e9.<br \/>\nTissu en fil d&rsquo;aluminium, int\u00e9rieur doubl\u00e9 en toile bleu.<br \/>\nCeinturon port\u00e9, manque des \u0153illets.<br \/>\n(En l&rsquo;\u00e9tat, usures)<br \/>\n&#8211;<br \/>\nOfficer&rsquo;s fabric belt &#8211; Luftwaffe<br \/>\nFor going out or parade outfit.<br \/>\nAluminum wire fabric, interior lined in blue canvas.<br \/>\nBelt worn, missing eyelets.<\/p>","protected":false},"excerpt":{"rendered":"<p>Ceinturon en tissu d&rsquo;officier &#8211; Luftwaffe Pour tenue de sortie ou de d\u00e9fil\u00e9. Tissu en fil d&rsquo;aluminium, int\u00e9rieur doubl\u00e9 en toile bleu. Ceinturon port\u00e9, manque des \u0153illets. (En l&rsquo;\u00e9tat, usures) &#8211; Officer&rsquo;s fabric belt &#8211; Luftwaffe For going out or parade outfit. Aluminum wire fabric, interior lined in blue canvas. Belt worn, missing eyelets.<\/p>","protected":false},"featured_media":16362,"template":"","meta":[],"product_brand":[],"product_cat":[77],"product_tag":[],"class_list":{"0":"post-16850","1":"product","2":"type-product","3":"status-publish","4":"has-post-thumbnail","6":"product_cat-coiffes-dagues-du-reich-2025-02","8":"first","9":"instock","10":"sold-individually","11":"purchasable","12":"product-type-auction"},"aioseo_notices":[],"_links":{"self":[{"href":"https:\/\/military-classic-auction.com\/en\/wp-json\/wp\/v2\/product\/16850","targetHints":{"allow":["GET"]}}],"collection":[{"href":"https:\/\/military-classic-auction.com\/en\/wp-json\/wp\/v2\/product"}],"about":[{"href":"https:\/\/military-classic-auction.com\/en\/wp-json\/wp\/v2\/types\/product"}],"wp:featuredmedia":[{"embeddable":true,"href":"https:\/\/military-classic-auction.com\/en\/wp-json\/wp\/v2\/media\/16362"}],"wp:attachment":[{"href":"https:\/\/military-classic-auction.com\/en\/wp-json\/wp\/v2\/media?parent=16850"}],"wp:term":[{"taxonomy":"product_brand","embeddable":true,"href":"https:\/\/military-classic-auction.com\/en\/wp-json\/wp\/v2\/product_brand?post=16850"},{"taxonomy":"product_cat","embeddable":true,"href":"https:\/\/military-classic-auction.com\/en\/wp-json\/wp\/v2\/product_cat?post=16850"},{"taxonomy":"product_tag","embeddable":true,"href":"https:\/\/military-classic-auction.com\/en\/wp-json\/wp\/v2\/product_tag?post=16850"}],"curies":[{"name":"wp","href":"https:\/\/api.w.org\/{rel}","templated":true}]}}