{"id":16849,"date":"2025-02-11T13:41:25","date_gmt":"2025-02-11T11:41:25","guid":{"rendered":"https:\/\/military-classic-auction.com\/?post_type=product&#038;p=16849"},"modified":"2025-02-21T21:06:02","modified_gmt":"2025-02-21T19:06:02","slug":"ceinture-dofficier-marine-imperiale-2","status":"publish","type":"product","link":"https:\/\/military-classic-auction.com\/en\/product\/ceinture-dofficier-marine-imperiale-2\/","title":{"rendered":"Ceinture d&rsquo;officier &#8211; Marine Imp\u00e9riale"},"content":{"rendered":"<p>Ceinture d&rsquo;officier &#8211; Marine Imp\u00e9riale<br \/>\nMod\u00e8le 1902 &#8211; \u00ab\u00a0W\u00a0\u00bb: Wilhelm II<br \/>\nEn tissu noir, int\u00e9rieur doubl\u00e9 de velours bleu fonc\u00e9.<br \/>\n(En l&rsquo;\u00e9tat, usures)<br \/>\n&#8211;<br \/>\nOfficer&rsquo;s Belt &#8211; Imperial Navy<br \/>\nModel 1902 &#8211; \u00ab\u00a0W\u00a0\u00bb: Wilhelm II<br \/>\nIn black fabric, interior lined with dark blue velvet.<\/p>","protected":false},"excerpt":{"rendered":"<p>Ceinture d&rsquo;officier &#8211; Marine Imp\u00e9riale Mod\u00e8le 1902 &#8211; \u00ab\u00a0W\u00a0\u00bb: Wilhelm II En tissu noir, int\u00e9rieur doubl\u00e9 de velours bleu fonc\u00e9. (En l&rsquo;\u00e9tat, usures) &#8211; Officer&rsquo;s Belt &#8211; Imperial Navy Model 1902 &#8211; \u00ab\u00a0W\u00a0\u00bb: Wilhelm II In black fabric, interior lined with dark blue velvet.<\/p>","protected":false},"featured_media":16357,"template":"","meta":[],"product_brand":[],"product_cat":[77],"product_tag":[],"class_list":{"0":"post-16849","1":"product","2":"type-product","3":"status-publish","4":"has-post-thumbnail","6":"product_cat-coiffes-dagues-du-reich-2025-02","8":"first","9":"instock","10":"sold-individually","11":"purchasable","12":"product-type-auction"},"aioseo_notices":[],"_links":{"self":[{"href":"https:\/\/military-classic-auction.com\/en\/wp-json\/wp\/v2\/product\/16849","targetHints":{"allow":["GET"]}}],"collection":[{"href":"https:\/\/military-classic-auction.com\/en\/wp-json\/wp\/v2\/product"}],"about":[{"href":"https:\/\/military-classic-auction.com\/en\/wp-json\/wp\/v2\/types\/product"}],"wp:featuredmedia":[{"embeddable":true,"href":"https:\/\/military-classic-auction.com\/en\/wp-json\/wp\/v2\/media\/16357"}],"wp:attachment":[{"href":"https:\/\/military-classic-auction.com\/en\/wp-json\/wp\/v2\/media?parent=16849"}],"wp:term":[{"taxonomy":"product_brand","embeddable":true,"href":"https:\/\/military-classic-auction.com\/en\/wp-json\/wp\/v2\/product_brand?post=16849"},{"taxonomy":"product_cat","embeddable":true,"href":"https:\/\/military-classic-auction.com\/en\/wp-json\/wp\/v2\/product_cat?post=16849"},{"taxonomy":"product_tag","embeddable":true,"href":"https:\/\/military-classic-auction.com\/en\/wp-json\/wp\/v2\/product_tag?post=16849"}],"curies":[{"name":"wp","href":"https:\/\/api.w.org\/{rel}","templated":true}]}}