{"id":16848,"date":"2025-02-11T13:41:23","date_gmt":"2025-02-11T11:41:23","guid":{"rendered":"https:\/\/military-classic-auction.com\/?post_type=product&#038;p=16848"},"modified":"2025-02-11T13:41:24","modified_gmt":"2025-02-11T11:41:24","slug":"ceinture-porte-belieres-kriegsmarine-10","status":"publish","type":"product","link":"https:\/\/military-classic-auction.com\/en\/product\/ceinture-porte-belieres-kriegsmarine-10\/","title":{"rendered":"Ceinture porte b\u00e9li\u00e8res &#8211; Kriegsmarine"},"content":{"rendered":"<p>Ceinture porte b\u00e9li\u00e8res &#8211; Kriegsmarine<br \/>\nEn tissu bleu et cuir brun<br \/>\nTaille : 100<br \/>\n(En l&rsquo;\u00e9tat, usures)<br \/>\n&#8211;<br \/>\nBail belt &#8211; Kriegsmarine<br \/>\nIn blue fabric and brown leather<br \/>\nSize: 100<\/p>","protected":false},"excerpt":{"rendered":"<p>Ceinture porte b\u00e9li\u00e8res &#8211; Kriegsmarine En tissu bleu et cuir brun Taille : 100 (En l&rsquo;\u00e9tat, usures) &#8211; Bail belt &#8211; Kriegsmarine In blue fabric and brown leather Size: 100<\/p>","protected":false},"featured_media":16352,"template":"","meta":[],"product_brand":[],"product_cat":[77],"product_tag":[],"class_list":{"0":"post-16848","1":"product","2":"type-product","3":"status-publish","4":"has-post-thumbnail","6":"product_cat-coiffes-dagues-du-reich-2025-02","8":"first","9":"instock","10":"sold-individually","11":"purchasable","12":"product-type-auction"},"aioseo_notices":[],"_links":{"self":[{"href":"https:\/\/military-classic-auction.com\/en\/wp-json\/wp\/v2\/product\/16848","targetHints":{"allow":["GET"]}}],"collection":[{"href":"https:\/\/military-classic-auction.com\/en\/wp-json\/wp\/v2\/product"}],"about":[{"href":"https:\/\/military-classic-auction.com\/en\/wp-json\/wp\/v2\/types\/product"}],"wp:featuredmedia":[{"embeddable":true,"href":"https:\/\/military-classic-auction.com\/en\/wp-json\/wp\/v2\/media\/16352"}],"wp:attachment":[{"href":"https:\/\/military-classic-auction.com\/en\/wp-json\/wp\/v2\/media?parent=16848"}],"wp:term":[{"taxonomy":"product_brand","embeddable":true,"href":"https:\/\/military-classic-auction.com\/en\/wp-json\/wp\/v2\/product_brand?post=16848"},{"taxonomy":"product_cat","embeddable":true,"href":"https:\/\/military-classic-auction.com\/en\/wp-json\/wp\/v2\/product_cat?post=16848"},{"taxonomy":"product_tag","embeddable":true,"href":"https:\/\/military-classic-auction.com\/en\/wp-json\/wp\/v2\/product_tag?post=16848"}],"curies":[{"name":"wp","href":"https:\/\/api.w.org\/{rel}","templated":true}]}}