{"id":16847,"date":"2025-02-11T13:41:20","date_gmt":"2025-02-11T11:41:20","guid":{"rendered":"https:\/\/military-classic-auction.com\/?post_type=product&#038;p=16847"},"modified":"2025-02-11T13:41:21","modified_gmt":"2025-02-11T11:41:21","slug":"ceinture-porte-belieres-kriegsmarine-9","status":"publish","type":"product","link":"https:\/\/military-classic-auction.com\/en\/product\/ceinture-porte-belieres-kriegsmarine-9\/","title":{"rendered":"Ceinture porte b\u00e9li\u00e8res &#8211; Kriegsmarine"},"content":{"rendered":"<p>Ceinture porte b\u00e9li\u00e8res &#8211; Kriegsmarine<br \/>\nEn tissu bleu et cuir brun<br \/>\nDat\u00e9e 1943<br \/>\nTaille : 90<br \/>\n(En l&rsquo;\u00e9tat, usures)<br \/>\n&#8211;<br \/>\nBail belt &#8211; Kriegsmarine<br \/>\nIn blue fabric and brown leather<br \/>\nDated 1943<br \/>\nSize: 90<\/p>","protected":false},"excerpt":{"rendered":"<p>Ceinture porte b\u00e9li\u00e8res &#8211; Kriegsmarine En tissu bleu et cuir brun Dat\u00e9e 1943 Taille : 90 (En l&rsquo;\u00e9tat, usures) &#8211; Bail belt &#8211; Kriegsmarine In blue fabric and brown leather Dated 1943 Size: 90<\/p>","protected":false},"featured_media":16345,"template":"","meta":[],"product_brand":[],"product_cat":[77],"product_tag":[],"class_list":{"0":"post-16847","1":"product","2":"type-product","3":"status-publish","4":"has-post-thumbnail","6":"product_cat-coiffes-dagues-du-reich-2025-02","8":"first","9":"instock","10":"sold-individually","11":"purchasable","12":"product-type-auction"},"aioseo_notices":[],"_links":{"self":[{"href":"https:\/\/military-classic-auction.com\/en\/wp-json\/wp\/v2\/product\/16847","targetHints":{"allow":["GET"]}}],"collection":[{"href":"https:\/\/military-classic-auction.com\/en\/wp-json\/wp\/v2\/product"}],"about":[{"href":"https:\/\/military-classic-auction.com\/en\/wp-json\/wp\/v2\/types\/product"}],"wp:featuredmedia":[{"embeddable":true,"href":"https:\/\/military-classic-auction.com\/en\/wp-json\/wp\/v2\/media\/16345"}],"wp:attachment":[{"href":"https:\/\/military-classic-auction.com\/en\/wp-json\/wp\/v2\/media?parent=16847"}],"wp:term":[{"taxonomy":"product_brand","embeddable":true,"href":"https:\/\/military-classic-auction.com\/en\/wp-json\/wp\/v2\/product_brand?post=16847"},{"taxonomy":"product_cat","embeddable":true,"href":"https:\/\/military-classic-auction.com\/en\/wp-json\/wp\/v2\/product_cat?post=16847"},{"taxonomy":"product_tag","embeddable":true,"href":"https:\/\/military-classic-auction.com\/en\/wp-json\/wp\/v2\/product_tag?post=16847"}],"curies":[{"name":"wp","href":"https:\/\/api.w.org\/{rel}","templated":true}]}}