{"id":16844,"date":"2025-02-11T13:41:12","date_gmt":"2025-02-11T11:41:12","guid":{"rendered":"https:\/\/military-classic-auction.com\/?post_type=product&#038;p=16844"},"modified":"2025-02-22T07:26:20","modified_gmt":"2025-02-22T05:26:20","slug":"ceinture-porte-belieres-kriegsmarine-6","status":"publish","type":"product","link":"https:\/\/military-classic-auction.com\/en\/product\/ceinture-porte-belieres-kriegsmarine-6\/","title":{"rendered":"Ceinture porte b\u00e9li\u00e8res &#8211; Kriegsmarine"},"content":{"rendered":"<p>Ceinture porte b\u00e9li\u00e8res &#8211; Kriegsmarine<br \/>\nNum\u00e9ro \u00ab\u00a0715\u00a0\u00bb sur boucle.<br \/>\nEn cuir<br \/>\n(usures)<br \/>\n&#8211;<br \/>\nBail belt &#8211; Kriegsmarine<br \/>\nNumber \u00ab\u00a0715\u00a0\u00bb on loop.<br \/>\nIn leather<br \/>\n(wear and tear)<\/p>","protected":false},"excerpt":{"rendered":"<p>Ceinture porte b\u00e9li\u00e8res &#8211; Kriegsmarine Num\u00e9ro \u00ab\u00a0715\u00a0\u00bb sur boucle. En cuir (usures) &#8211; Bail belt &#8211; Kriegsmarine Number \u00ab\u00a0715\u00a0\u00bb on loop. In leather (wear and tear)<\/p>","protected":false},"featured_media":16325,"template":"","meta":[],"product_brand":[],"product_cat":[77],"product_tag":[],"class_list":{"0":"post-16844","1":"product","2":"type-product","3":"status-publish","4":"has-post-thumbnail","6":"product_cat-coiffes-dagues-du-reich-2025-02","8":"first","9":"instock","10":"sold-individually","11":"purchasable","12":"product-type-auction"},"aioseo_notices":[],"_links":{"self":[{"href":"https:\/\/military-classic-auction.com\/en\/wp-json\/wp\/v2\/product\/16844","targetHints":{"allow":["GET"]}}],"collection":[{"href":"https:\/\/military-classic-auction.com\/en\/wp-json\/wp\/v2\/product"}],"about":[{"href":"https:\/\/military-classic-auction.com\/en\/wp-json\/wp\/v2\/types\/product"}],"wp:featuredmedia":[{"embeddable":true,"href":"https:\/\/military-classic-auction.com\/en\/wp-json\/wp\/v2\/media\/16325"}],"wp:attachment":[{"href":"https:\/\/military-classic-auction.com\/en\/wp-json\/wp\/v2\/media?parent=16844"}],"wp:term":[{"taxonomy":"product_brand","embeddable":true,"href":"https:\/\/military-classic-auction.com\/en\/wp-json\/wp\/v2\/product_brand?post=16844"},{"taxonomy":"product_cat","embeddable":true,"href":"https:\/\/military-classic-auction.com\/en\/wp-json\/wp\/v2\/product_cat?post=16844"},{"taxonomy":"product_tag","embeddable":true,"href":"https:\/\/military-classic-auction.com\/en\/wp-json\/wp\/v2\/product_tag?post=16844"}],"curies":[{"name":"wp","href":"https:\/\/api.w.org\/{rel}","templated":true}]}}