{"id":16842,"date":"2025-02-11T13:41:06","date_gmt":"2025-02-11T11:41:06","guid":{"rendered":"https:\/\/military-classic-auction.com\/?post_type=product&#038;p=16842"},"modified":"2025-02-11T13:41:07","modified_gmt":"2025-02-11T11:41:07","slug":"ceinturon-en-tissu-dofficier-kriegsmarine-4","status":"publish","type":"product","link":"https:\/\/military-classic-auction.com\/en\/product\/ceinturon-en-tissu-dofficier-kriegsmarine-4\/","title":{"rendered":"Ceinturon en tissu d&rsquo;officier  &#8211; Kriegsmarine"},"content":{"rendered":"<p>Ceinturon en tissu d&rsquo;officier  &#8211; Kriegsmarine<br \/>\nPour tenue de sortie ou de d\u00e9fil\u00e9.<br \/>\nTissu en fil d&rsquo;aluminium, int\u00e9rieur doubl\u00e9 en toile bleu fonc\u00e9.<br \/>\n(En l&rsquo;\u00e9tat, usures)<br \/>\n&#8211;<br \/>\nOfficer&rsquo;s fabric belt &#8211; Kriegsmarine<br \/>\nFor going out or parade outfit.<br \/>\nAluminum wire fabric, interior lined in dark blue canvas.<\/p>","protected":false},"excerpt":{"rendered":"<p>Ceinturon en tissu d&rsquo;officier &#8211; Kriegsmarine Pour tenue de sortie ou de d\u00e9fil\u00e9. Tissu en fil d&rsquo;aluminium, int\u00e9rieur doubl\u00e9 en toile bleu fonc\u00e9. (En l&rsquo;\u00e9tat, usures) &#8211; Officer&rsquo;s fabric belt &#8211; Kriegsmarine For going out or parade outfit. Aluminum wire fabric, interior lined in dark blue canvas.<\/p>","protected":false},"featured_media":16312,"template":"","meta":[],"product_brand":[],"product_cat":[77],"product_tag":[],"class_list":{"0":"post-16842","1":"product","2":"type-product","3":"status-publish","4":"has-post-thumbnail","6":"product_cat-coiffes-dagues-du-reich-2025-02","8":"first","9":"instock","10":"sold-individually","11":"purchasable","12":"product-type-auction"},"aioseo_notices":[],"_links":{"self":[{"href":"https:\/\/military-classic-auction.com\/en\/wp-json\/wp\/v2\/product\/16842","targetHints":{"allow":["GET"]}}],"collection":[{"href":"https:\/\/military-classic-auction.com\/en\/wp-json\/wp\/v2\/product"}],"about":[{"href":"https:\/\/military-classic-auction.com\/en\/wp-json\/wp\/v2\/types\/product"}],"wp:featuredmedia":[{"embeddable":true,"href":"https:\/\/military-classic-auction.com\/en\/wp-json\/wp\/v2\/media\/16312"}],"wp:attachment":[{"href":"https:\/\/military-classic-auction.com\/en\/wp-json\/wp\/v2\/media?parent=16842"}],"wp:term":[{"taxonomy":"product_brand","embeddable":true,"href":"https:\/\/military-classic-auction.com\/en\/wp-json\/wp\/v2\/product_brand?post=16842"},{"taxonomy":"product_cat","embeddable":true,"href":"https:\/\/military-classic-auction.com\/en\/wp-json\/wp\/v2\/product_cat?post=16842"},{"taxonomy":"product_tag","embeddable":true,"href":"https:\/\/military-classic-auction.com\/en\/wp-json\/wp\/v2\/product_tag?post=16842"}],"curies":[{"name":"wp","href":"https:\/\/api.w.org\/{rel}","templated":true}]}}