{"id":16839,"date":"2025-02-11T13:40:57","date_gmt":"2025-02-11T11:40:57","guid":{"rendered":"https:\/\/military-classic-auction.com\/?post_type=product&#038;p=16839"},"modified":"2025-02-22T10:29:43","modified_gmt":"2025-02-22T08:29:43","slug":"calot-troupe-wehrmacht","status":"publish","type":"product","link":"https:\/\/military-classic-auction.com\/en\/product\/calot-troupe-wehrmacht\/","title":{"rendered":"Calot troupe &#8211; Wehrmacht"},"content":{"rendered":"<p>Calot troupe &#8211; Wehrmacht<br \/>\nMarquage fabricant pr\u00e9sent mais peu lisible.<br \/>\nInsigne &#038; cocarde remont\u00e9es.<br \/>\nPi\u00e8ce port\u00e9e.<br \/>\n(En l&rsquo;\u00e9tat, trace d&rsquo;usures)<br \/>\n&#8211;<br \/>\nTroop cap &#8211; Wehrmacht<br \/>\nManufacturer&rsquo;s markings present but barely legible.<br \/>\nInsignia &#038; cockade remounted.<br \/>\nWorn piece.<br \/>\n(As is, traces of wear).<\/p>","protected":false},"excerpt":{"rendered":"<p>Calot troupe &#8211; Wehrmacht Marquage fabricant pr\u00e9sent mais peu lisible. Insigne &#038; cocarde remont\u00e9es. Pi\u00e8ce port\u00e9e. (En l&rsquo;\u00e9tat, trace d&rsquo;usures) &#8211; Troop cap &#8211; Wehrmacht Manufacturer&rsquo;s markings present but barely legible. Insignia &#038; cockade remounted. Worn piece. (As is, traces of wear).<\/p>","protected":false},"featured_media":16294,"template":"","meta":[],"product_brand":[],"product_cat":[77],"product_tag":[],"class_list":{"0":"post-16839","1":"product","2":"type-product","3":"status-publish","4":"has-post-thumbnail","6":"product_cat-coiffes-dagues-du-reich-2025-02","8":"first","9":"instock","10":"sold-individually","11":"purchasable","12":"product-type-auction"},"aioseo_notices":[],"_links":{"self":[{"href":"https:\/\/military-classic-auction.com\/en\/wp-json\/wp\/v2\/product\/16839","targetHints":{"allow":["GET"]}}],"collection":[{"href":"https:\/\/military-classic-auction.com\/en\/wp-json\/wp\/v2\/product"}],"about":[{"href":"https:\/\/military-classic-auction.com\/en\/wp-json\/wp\/v2\/types\/product"}],"wp:featuredmedia":[{"embeddable":true,"href":"https:\/\/military-classic-auction.com\/en\/wp-json\/wp\/v2\/media\/16294"}],"wp:attachment":[{"href":"https:\/\/military-classic-auction.com\/en\/wp-json\/wp\/v2\/media?parent=16839"}],"wp:term":[{"taxonomy":"product_brand","embeddable":true,"href":"https:\/\/military-classic-auction.com\/en\/wp-json\/wp\/v2\/product_brand?post=16839"},{"taxonomy":"product_cat","embeddable":true,"href":"https:\/\/military-classic-auction.com\/en\/wp-json\/wp\/v2\/product_cat?post=16839"},{"taxonomy":"product_tag","embeddable":true,"href":"https:\/\/military-classic-auction.com\/en\/wp-json\/wp\/v2\/product_tag?post=16839"}],"curies":[{"name":"wp","href":"https:\/\/api.w.org\/{rel}","templated":true}]}}