{"id":16837,"date":"2025-02-11T13:40:52","date_gmt":"2025-02-11T11:40:52","guid":{"rendered":"https:\/\/military-classic-auction.com\/?post_type=product&#038;p=16837"},"modified":"2025-02-22T09:56:27","modified_gmt":"2025-02-22T07:56:27","slug":"beliere-de-dague-4","status":"publish","type":"product","link":"https:\/\/military-classic-auction.com\/en\/product\/beliere-de-dague-4\/","title":{"rendered":"B\u00e9li\u00e8re de dague &#8211;"},"content":{"rendered":"<p>B\u00e9li\u00e8re de dague &#8211;<br \/>\nCrochet sup\u00e9rieur marqu\u00e9 DRGM avec logo du fabricant Assmann.<br \/>\nCrochets fonctionnels.<br \/>\n(Usures)<br \/>\n&#8211;<br \/>\nDagger bail &#8211;<br \/>\nUpper hook marked DRGM with Assmann manufacturer logo.<br \/>\nFunctional hooks.<br \/>\n(Wear)<\/p>","protected":false},"excerpt":{"rendered":"<p>B\u00e9li\u00e8re de dague &#8211; Crochet sup\u00e9rieur marqu\u00e9 DRGM avec logo du fabricant Assmann. Crochets fonctionnels. (Usures) &#8211; Dagger bail &#8211; Upper hook marked DRGM with Assmann manufacturer logo. Functional hooks. (Wear)<\/p>","protected":false},"featured_media":16275,"template":"","meta":[],"product_brand":[],"product_cat":[77],"product_tag":[],"class_list":{"0":"post-16837","1":"product","2":"type-product","3":"status-publish","4":"has-post-thumbnail","6":"product_cat-coiffes-dagues-du-reich-2025-02","8":"first","9":"instock","10":"sold-individually","11":"purchasable","12":"product-type-auction"},"aioseo_notices":[],"_links":{"self":[{"href":"https:\/\/military-classic-auction.com\/en\/wp-json\/wp\/v2\/product\/16837","targetHints":{"allow":["GET"]}}],"collection":[{"href":"https:\/\/military-classic-auction.com\/en\/wp-json\/wp\/v2\/product"}],"about":[{"href":"https:\/\/military-classic-auction.com\/en\/wp-json\/wp\/v2\/types\/product"}],"wp:featuredmedia":[{"embeddable":true,"href":"https:\/\/military-classic-auction.com\/en\/wp-json\/wp\/v2\/media\/16275"}],"wp:attachment":[{"href":"https:\/\/military-classic-auction.com\/en\/wp-json\/wp\/v2\/media?parent=16837"}],"wp:term":[{"taxonomy":"product_brand","embeddable":true,"href":"https:\/\/military-classic-auction.com\/en\/wp-json\/wp\/v2\/product_brand?post=16837"},{"taxonomy":"product_cat","embeddable":true,"href":"https:\/\/military-classic-auction.com\/en\/wp-json\/wp\/v2\/product_cat?post=16837"},{"taxonomy":"product_tag","embeddable":true,"href":"https:\/\/military-classic-auction.com\/en\/wp-json\/wp\/v2\/product_tag?post=16837"}],"curies":[{"name":"wp","href":"https:\/\/api.w.org\/{rel}","templated":true}]}}