{"id":16836,"date":"2025-02-11T13:40:49","date_gmt":"2025-02-11T11:40:49","guid":{"rendered":"https:\/\/military-classic-auction.com\/?post_type=product&#038;p=16836"},"modified":"2025-02-18T00:36:11","modified_gmt":"2025-02-17T22:36:11","slug":"beliere-de-dague-3","status":"publish","type":"product","link":"https:\/\/military-classic-auction.com\/en\/product\/beliere-de-dague-3\/","title":{"rendered":"B\u00e9li\u00e8re de dague &#8211;"},"content":{"rendered":"<p>B\u00e9li\u00e8re de dague &#8211;<br \/>\nCrochet sup\u00e9rieur marqu\u00e9 D.R.G.M. &#038; U.E.10 RZM.<br \/>\nCrochets fonctionnels.<br \/>\n(En l&rsquo;\u00e9tat, usures)<br \/>\n&#8211;<br \/>\nDagger bail &#8211;<br \/>\nUpper hook marked D.R.G.M. &#038; U.E.10 RZM.<br \/>\nFunctional hooks.<\/p>","protected":false},"excerpt":{"rendered":"<p>B\u00e9li\u00e8re de dague &#8211; Crochet sup\u00e9rieur marqu\u00e9 D.R.G.M. &#038; U.E.10 RZM. Crochets fonctionnels. (En l&rsquo;\u00e9tat, usures) &#8211; Dagger bail &#8211; Upper hook marked D.R.G.M. &#038; U.E.10 RZM. Functional hooks.<\/p>","protected":false},"featured_media":16267,"template":"","meta":[],"product_brand":[],"product_cat":[77],"product_tag":[],"class_list":{"0":"post-16836","1":"product","2":"type-product","3":"status-publish","4":"has-post-thumbnail","6":"product_cat-coiffes-dagues-du-reich-2025-02","8":"first","9":"instock","10":"sold-individually","11":"purchasable","12":"product-type-auction"},"aioseo_notices":[],"_links":{"self":[{"href":"https:\/\/military-classic-auction.com\/en\/wp-json\/wp\/v2\/product\/16836","targetHints":{"allow":["GET"]}}],"collection":[{"href":"https:\/\/military-classic-auction.com\/en\/wp-json\/wp\/v2\/product"}],"about":[{"href":"https:\/\/military-classic-auction.com\/en\/wp-json\/wp\/v2\/types\/product"}],"wp:featuredmedia":[{"embeddable":true,"href":"https:\/\/military-classic-auction.com\/en\/wp-json\/wp\/v2\/media\/16267"}],"wp:attachment":[{"href":"https:\/\/military-classic-auction.com\/en\/wp-json\/wp\/v2\/media?parent=16836"}],"wp:term":[{"taxonomy":"product_brand","embeddable":true,"href":"https:\/\/military-classic-auction.com\/en\/wp-json\/wp\/v2\/product_brand?post=16836"},{"taxonomy":"product_cat","embeddable":true,"href":"https:\/\/military-classic-auction.com\/en\/wp-json\/wp\/v2\/product_cat?post=16836"},{"taxonomy":"product_tag","embeddable":true,"href":"https:\/\/military-classic-auction.com\/en\/wp-json\/wp\/v2\/product_tag?post=16836"}],"curies":[{"name":"wp","href":"https:\/\/api.w.org\/{rel}","templated":true}]}}