{"id":16835,"date":"2025-02-11T13:40:47","date_gmt":"2025-02-11T11:40:47","guid":{"rendered":"https:\/\/military-classic-auction.com\/?post_type=product&#038;p=16835"},"modified":"2025-02-21T15:57:44","modified_gmt":"2025-02-21T13:57:44","slug":"beliere-de-dague-drk-4","status":"publish","type":"product","link":"https:\/\/military-classic-auction.com\/en\/product\/beliere-de-dague-drk-4\/","title":{"rendered":"B\u00e9li\u00e8re de dague &#8211; DRK"},"content":{"rendered":"<p>B\u00e9li\u00e8re de dague &#8211; DRK<br \/>\nB\u00e9li\u00e8re de dague d&rsquo;officier du service de la croix rouge.<br \/>\nDeux crochets fonctionnels, 1 cass\u00e9.<br \/>\n(Oxydation sur \u0153illets)<br \/>\n&#8211;<br \/>\nDagger bail &#8211; DRK<br \/>\nDagger bail for an officer of the Red Cross service.<br \/>\nTwo working hooks, 1 broken.<br \/>\n(Oxidation on eyelets)<\/p>","protected":false},"excerpt":{"rendered":"<p>B\u00e9li\u00e8re de dague &#8211; DRK B\u00e9li\u00e8re de dague d&rsquo;officier du service de la croix rouge. Deux crochets fonctionnels, 1 cass\u00e9. (Oxydation sur \u0153illets) &#8211; Dagger bail &#8211; DRK Dagger bail for an officer of the Red Cross service. Two working hooks, 1 broken. (Oxidation on eyelets)<\/p>","protected":false},"featured_media":16259,"template":"","meta":[],"product_brand":[],"product_cat":[77],"product_tag":[],"class_list":{"0":"post-16835","1":"product","2":"type-product","3":"status-publish","4":"has-post-thumbnail","6":"product_cat-coiffes-dagues-du-reich-2025-02","8":"first","9":"instock","10":"sold-individually","11":"purchasable","12":"product-type-auction"},"aioseo_notices":[],"_links":{"self":[{"href":"https:\/\/military-classic-auction.com\/en\/wp-json\/wp\/v2\/product\/16835","targetHints":{"allow":["GET"]}}],"collection":[{"href":"https:\/\/military-classic-auction.com\/en\/wp-json\/wp\/v2\/product"}],"about":[{"href":"https:\/\/military-classic-auction.com\/en\/wp-json\/wp\/v2\/types\/product"}],"wp:featuredmedia":[{"embeddable":true,"href":"https:\/\/military-classic-auction.com\/en\/wp-json\/wp\/v2\/media\/16259"}],"wp:attachment":[{"href":"https:\/\/military-classic-auction.com\/en\/wp-json\/wp\/v2\/media?parent=16835"}],"wp:term":[{"taxonomy":"product_brand","embeddable":true,"href":"https:\/\/military-classic-auction.com\/en\/wp-json\/wp\/v2\/product_brand?post=16835"},{"taxonomy":"product_cat","embeddable":true,"href":"https:\/\/military-classic-auction.com\/en\/wp-json\/wp\/v2\/product_cat?post=16835"},{"taxonomy":"product_tag","embeddable":true,"href":"https:\/\/military-classic-auction.com\/en\/wp-json\/wp\/v2\/product_tag?post=16835"}],"curies":[{"name":"wp","href":"https:\/\/api.w.org\/{rel}","templated":true}]}}