{"id":16832,"date":"2025-02-11T13:40:39","date_gmt":"2025-02-11T11:40:39","guid":{"rendered":"https:\/\/military-classic-auction.com\/?post_type=product&#038;p=16832"},"modified":"2025-02-22T09:18:30","modified_gmt":"2025-02-22T07:18:30","slug":"beliere-de-dague-luftwaffe-6","status":"publish","type":"product","link":"https:\/\/military-classic-auction.com\/en\/product\/beliere-de-dague-luftwaffe-6\/","title":{"rendered":"B\u00e9li\u00e8re de dague &#8211; Luftwaffe"},"content":{"rendered":"<p>B\u00e9li\u00e8re de dague &#8211; Luftwaffe<br \/>\nCrochets fonctionnels<br \/>\n(Oxydation sur \u0153illets)<br \/>\n&#8211;<br \/>\nDagger bail &#8211; Luftwaffe<br \/>\nFunctional hooks<br \/>\n(Oxidation on eyelets)<\/p>","protected":false},"excerpt":{"rendered":"<p>B\u00e9li\u00e8re de dague &#8211; Luftwaffe Crochets fonctionnels (Oxydation sur \u0153illets) &#8211; Dagger bail &#8211; Luftwaffe Functional hooks (Oxidation on eyelets)<\/p>","protected":false},"featured_media":16240,"template":"","meta":[],"product_brand":[],"product_cat":[77],"product_tag":[],"class_list":{"0":"post-16832","1":"product","2":"type-product","3":"status-publish","4":"has-post-thumbnail","6":"product_cat-coiffes-dagues-du-reich-2025-02","8":"first","9":"instock","10":"sold-individually","11":"purchasable","12":"product-type-auction"},"aioseo_notices":[],"_links":{"self":[{"href":"https:\/\/military-classic-auction.com\/en\/wp-json\/wp\/v2\/product\/16832","targetHints":{"allow":["GET"]}}],"collection":[{"href":"https:\/\/military-classic-auction.com\/en\/wp-json\/wp\/v2\/product"}],"about":[{"href":"https:\/\/military-classic-auction.com\/en\/wp-json\/wp\/v2\/types\/product"}],"wp:featuredmedia":[{"embeddable":true,"href":"https:\/\/military-classic-auction.com\/en\/wp-json\/wp\/v2\/media\/16240"}],"wp:attachment":[{"href":"https:\/\/military-classic-auction.com\/en\/wp-json\/wp\/v2\/media?parent=16832"}],"wp:term":[{"taxonomy":"product_brand","embeddable":true,"href":"https:\/\/military-classic-auction.com\/en\/wp-json\/wp\/v2\/product_brand?post=16832"},{"taxonomy":"product_cat","embeddable":true,"href":"https:\/\/military-classic-auction.com\/en\/wp-json\/wp\/v2\/product_cat?post=16832"},{"taxonomy":"product_tag","embeddable":true,"href":"https:\/\/military-classic-auction.com\/en\/wp-json\/wp\/v2\/product_tag?post=16832"}],"curies":[{"name":"wp","href":"https:\/\/api.w.org\/{rel}","templated":true}]}}