{"id":16831,"date":"2025-02-11T13:40:35","date_gmt":"2025-02-11T11:40:35","guid":{"rendered":"https:\/\/military-classic-auction.com\/?post_type=product&#038;p=16831"},"modified":"2025-02-21T17:05:09","modified_gmt":"2025-02-21T15:05:09","slug":"beliere-de-dague-luftwaffe-5","status":"publish","type":"product","link":"https:\/\/military-classic-auction.com\/en\/product\/beliere-de-dague-luftwaffe-5\/","title":{"rendered":"B\u00e9li\u00e8re de dague &#8211; Luftwaffe"},"content":{"rendered":"<p>B\u00e9li\u00e8re de dague &#8211; Luftwaffe<br \/>\nCrochets fonctionnels et marqu\u00e9s D.R.G.M.<br \/>\n(Usures)<br \/>\n&#8211;<br \/>\nDagger bail &#8211; Luftwaffe<br \/>\nFunctional hooks marked D.R.G.M.<br \/>\n(Wear)<\/p>","protected":false},"excerpt":{"rendered":"<p>B\u00e9li\u00e8re de dague &#8211; Luftwaffe Crochets fonctionnels et marqu\u00e9s D.R.G.M. (Usures) &#8211; Dagger bail &#8211; Luftwaffe Functional hooks marked D.R.G.M. (Wear)<\/p>","protected":false},"featured_media":16234,"template":"","meta":[],"product_brand":[],"product_cat":[77],"product_tag":[],"class_list":{"0":"post-16831","1":"product","2":"type-product","3":"status-publish","4":"has-post-thumbnail","6":"product_cat-coiffes-dagues-du-reich-2025-02","8":"first","9":"instock","10":"sold-individually","11":"purchasable","12":"product-type-auction"},"aioseo_notices":[],"_links":{"self":[{"href":"https:\/\/military-classic-auction.com\/en\/wp-json\/wp\/v2\/product\/16831","targetHints":{"allow":["GET"]}}],"collection":[{"href":"https:\/\/military-classic-auction.com\/en\/wp-json\/wp\/v2\/product"}],"about":[{"href":"https:\/\/military-classic-auction.com\/en\/wp-json\/wp\/v2\/types\/product"}],"wp:featuredmedia":[{"embeddable":true,"href":"https:\/\/military-classic-auction.com\/en\/wp-json\/wp\/v2\/media\/16234"}],"wp:attachment":[{"href":"https:\/\/military-classic-auction.com\/en\/wp-json\/wp\/v2\/media?parent=16831"}],"wp:term":[{"taxonomy":"product_brand","embeddable":true,"href":"https:\/\/military-classic-auction.com\/en\/wp-json\/wp\/v2\/product_brand?post=16831"},{"taxonomy":"product_cat","embeddable":true,"href":"https:\/\/military-classic-auction.com\/en\/wp-json\/wp\/v2\/product_cat?post=16831"},{"taxonomy":"product_tag","embeddable":true,"href":"https:\/\/military-classic-auction.com\/en\/wp-json\/wp\/v2\/product_tag?post=16831"}],"curies":[{"name":"wp","href":"https:\/\/api.w.org\/{rel}","templated":true}]}}