{"id":16829,"date":"2025-02-11T13:40:31","date_gmt":"2025-02-11T11:40:31","guid":{"rendered":"https:\/\/military-classic-auction.com\/?post_type=product&#038;p=16829"},"modified":"2025-02-21T15:51:14","modified_gmt":"2025-02-21T13:51:14","slug":"beliere-de-dague-kriegsmarine-3","status":"publish","type":"product","link":"https:\/\/military-classic-auction.com\/en\/product\/beliere-de-dague-kriegsmarine-3\/","title":{"rendered":"B\u00e9li\u00e8re de dague &#8211; Kriegsmarine"},"content":{"rendered":"<p>B\u00e9li\u00e8re de dague &#8211; Kriegsmarine<br \/>\nRev\u00eatement de couleur argent\u00e9 : Administration de la Kriegsmarine.<br \/>\nTrois crochets fonctionnels, un manquant.<br \/>\n(En l&rsquo;\u00e9tat, usures)<br \/>\n&#8211;<br \/>\nDagger bail &#8211; Kriegsmarine<br \/>\nSilver-colored coating: Kriegsmarine Administration.<br \/>\nThree working hooks, one missing.<\/p>","protected":false},"excerpt":{"rendered":"<p>B\u00e9li\u00e8re de dague &#8211; Kriegsmarine Rev\u00eatement de couleur argent\u00e9 : Administration de la Kriegsmarine. Trois crochets fonctionnels, un manquant. (En l&rsquo;\u00e9tat, usures) &#8211; Dagger bail &#8211; Kriegsmarine Silver-colored coating: Kriegsmarine Administration. Three working hooks, one missing.<\/p>","protected":false},"featured_media":16220,"template":"","meta":[],"product_brand":[],"product_cat":[77],"product_tag":[],"class_list":{"0":"post-16829","1":"product","2":"type-product","3":"status-publish","4":"has-post-thumbnail","6":"product_cat-coiffes-dagues-du-reich-2025-02","8":"first","9":"instock","10":"sold-individually","11":"purchasable","12":"product-type-auction"},"aioseo_notices":[],"_links":{"self":[{"href":"https:\/\/military-classic-auction.com\/en\/wp-json\/wp\/v2\/product\/16829","targetHints":{"allow":["GET"]}}],"collection":[{"href":"https:\/\/military-classic-auction.com\/en\/wp-json\/wp\/v2\/product"}],"about":[{"href":"https:\/\/military-classic-auction.com\/en\/wp-json\/wp\/v2\/types\/product"}],"wp:featuredmedia":[{"embeddable":true,"href":"https:\/\/military-classic-auction.com\/en\/wp-json\/wp\/v2\/media\/16220"}],"wp:attachment":[{"href":"https:\/\/military-classic-auction.com\/en\/wp-json\/wp\/v2\/media?parent=16829"}],"wp:term":[{"taxonomy":"product_brand","embeddable":true,"href":"https:\/\/military-classic-auction.com\/en\/wp-json\/wp\/v2\/product_brand?post=16829"},{"taxonomy":"product_cat","embeddable":true,"href":"https:\/\/military-classic-auction.com\/en\/wp-json\/wp\/v2\/product_cat?post=16829"},{"taxonomy":"product_tag","embeddable":true,"href":"https:\/\/military-classic-auction.com\/en\/wp-json\/wp\/v2\/product_tag?post=16829"}],"curies":[{"name":"wp","href":"https:\/\/api.w.org\/{rel}","templated":true}]}}