{"id":16828,"date":"2025-02-11T13:40:29","date_gmt":"2025-02-11T11:40:29","guid":{"rendered":"https:\/\/military-classic-auction.com\/?post_type=product&#038;p=16828"},"modified":"2025-02-15T11:16:20","modified_gmt":"2025-02-15T09:16:20","slug":"beliere-de-dague-heer-14","status":"publish","type":"product","link":"https:\/\/military-classic-auction.com\/en\/product\/beliere-de-dague-heer-14\/","title":{"rendered":"B\u00e9li\u00e8re de dague &#8211; Heer"},"content":{"rendered":"<p>B\u00e9li\u00e8re de dague &#8211; Heer<br \/>\nCannetille cousue sur un fond gris.<br \/>\nRenforts en cuir.<br \/>\nCrochets fonctionnels, marqu\u00e9s D.R.G.M.<br \/>\n(En l&rsquo;\u00e9tat, usures)<br \/>\n&#8211;<br \/>\nDagger Bail &#8211; Heer<br \/>\nCannetille sewn on a gray background.<br \/>\nLeather reinforcements.<br \/>\nFunctional hooks, marked D.R.G.M.<\/p>","protected":false},"excerpt":{"rendered":"<p>B\u00e9li\u00e8re de dague &#8211; Heer Cannetille cousue sur un fond gris. Renforts en cuir. Crochets fonctionnels, marqu\u00e9s D.R.G.M. (En l&rsquo;\u00e9tat, usures) &#8211; Dagger Bail &#8211; Heer Cannetille sewn on a gray background. Leather reinforcements. Functional hooks, marked D.R.G.M.<\/p>","protected":false},"featured_media":16214,"template":"","meta":[],"product_brand":[],"product_cat":[77],"product_tag":[],"class_list":{"0":"post-16828","1":"product","2":"type-product","3":"status-publish","4":"has-post-thumbnail","6":"product_cat-coiffes-dagues-du-reich-2025-02","8":"first","9":"instock","10":"sold-individually","11":"purchasable","12":"product-type-auction"},"aioseo_notices":[],"_links":{"self":[{"href":"https:\/\/military-classic-auction.com\/en\/wp-json\/wp\/v2\/product\/16828","targetHints":{"allow":["GET"]}}],"collection":[{"href":"https:\/\/military-classic-auction.com\/en\/wp-json\/wp\/v2\/product"}],"about":[{"href":"https:\/\/military-classic-auction.com\/en\/wp-json\/wp\/v2\/types\/product"}],"wp:featuredmedia":[{"embeddable":true,"href":"https:\/\/military-classic-auction.com\/en\/wp-json\/wp\/v2\/media\/16214"}],"wp:attachment":[{"href":"https:\/\/military-classic-auction.com\/en\/wp-json\/wp\/v2\/media?parent=16828"}],"wp:term":[{"taxonomy":"product_brand","embeddable":true,"href":"https:\/\/military-classic-auction.com\/en\/wp-json\/wp\/v2\/product_brand?post=16828"},{"taxonomy":"product_cat","embeddable":true,"href":"https:\/\/military-classic-auction.com\/en\/wp-json\/wp\/v2\/product_cat?post=16828"},{"taxonomy":"product_tag","embeddable":true,"href":"https:\/\/military-classic-auction.com\/en\/wp-json\/wp\/v2\/product_tag?post=16828"}],"curies":[{"name":"wp","href":"https:\/\/api.w.org\/{rel}","templated":true}]}}