{"id":16827,"date":"2025-02-11T13:40:26","date_gmt":"2025-02-11T11:40:26","guid":{"rendered":"https:\/\/military-classic-auction.com\/?post_type=product&#038;p=16827"},"modified":"2025-02-15T11:16:08","modified_gmt":"2025-02-15T09:16:08","slug":"beliere-de-dague-heer-13","status":"publish","type":"product","link":"https:\/\/military-classic-auction.com\/en\/product\/beliere-de-dague-heer-13\/","title":{"rendered":"B\u00e9li\u00e8re de dague &#8211; Heer"},"content":{"rendered":"<p>B\u00e9li\u00e8re de dague &#8211; Heer<br \/>\nCannetille cousue sur un fond noir.<br \/>\nCrochets fonctionnels, marqu\u00e9s D.R.G.M.<br \/>\n(Usures sur l&rsquo;ensemble)<br \/>\n&#8211;<br \/>\nDagger Bail &#8211; Heer<br \/>\nCannetille sewn on a black background.<br \/>\nFunctional hooks, marked D.R.G.M.<br \/>\n(Wear all over)<\/p>","protected":false},"excerpt":{"rendered":"<p>B\u00e9li\u00e8re de dague &#8211; Heer Cannetille cousue sur un fond noir. Crochets fonctionnels, marqu\u00e9s D.R.G.M. (Usures sur l&rsquo;ensemble) &#8211; Dagger Bail &#8211; Heer Cannetille sewn on a black background. Functional hooks, marked D.R.G.M. (Wear all over)<\/p>","protected":false},"featured_media":16208,"template":"","meta":[],"product_brand":[],"product_cat":[77],"product_tag":[],"class_list":{"0":"post-16827","1":"product","2":"type-product","3":"status-publish","4":"has-post-thumbnail","6":"product_cat-coiffes-dagues-du-reich-2025-02","8":"first","9":"instock","10":"sold-individually","11":"purchasable","12":"product-type-auction"},"aioseo_notices":[],"_links":{"self":[{"href":"https:\/\/military-classic-auction.com\/en\/wp-json\/wp\/v2\/product\/16827","targetHints":{"allow":["GET"]}}],"collection":[{"href":"https:\/\/military-classic-auction.com\/en\/wp-json\/wp\/v2\/product"}],"about":[{"href":"https:\/\/military-classic-auction.com\/en\/wp-json\/wp\/v2\/types\/product"}],"wp:featuredmedia":[{"embeddable":true,"href":"https:\/\/military-classic-auction.com\/en\/wp-json\/wp\/v2\/media\/16208"}],"wp:attachment":[{"href":"https:\/\/military-classic-auction.com\/en\/wp-json\/wp\/v2\/media?parent=16827"}],"wp:term":[{"taxonomy":"product_brand","embeddable":true,"href":"https:\/\/military-classic-auction.com\/en\/wp-json\/wp\/v2\/product_brand?post=16827"},{"taxonomy":"product_cat","embeddable":true,"href":"https:\/\/military-classic-auction.com\/en\/wp-json\/wp\/v2\/product_cat?post=16827"},{"taxonomy":"product_tag","embeddable":true,"href":"https:\/\/military-classic-auction.com\/en\/wp-json\/wp\/v2\/product_tag?post=16827"}],"curies":[{"name":"wp","href":"https:\/\/api.w.org\/{rel}","templated":true}]}}