{"id":16824,"date":"2025-02-11T13:40:19","date_gmt":"2025-02-11T11:40:19","guid":{"rendered":"https:\/\/military-classic-auction.com\/?post_type=product&#038;p=16824"},"modified":"2025-02-15T11:15:40","modified_gmt":"2025-02-15T09:15:40","slug":"beliere-de-dague-heer-10","status":"publish","type":"product","link":"https:\/\/military-classic-auction.com\/en\/product\/beliere-de-dague-heer-10\/","title":{"rendered":"B\u00e9li\u00e8re de dague &#8211; Heer"},"content":{"rendered":"<p>B\u00e9li\u00e8re de dague &#8211; Heer<br \/>\nCannetille cousue sur un fond vert clair.<br \/>\nCrochets fonctionnels.<br \/>\n(En l&rsquo;\u00e9tat, usures)<br \/>\n&#8211;<br \/>\nDagger Bail &#8211; Heer<br \/>\nCannetille sewn on a light green background.<br \/>\nFunctional hooks.<\/p>","protected":false},"excerpt":{"rendered":"<p>B\u00e9li\u00e8re de dague &#8211; Heer Cannetille cousue sur un fond vert clair. Crochets fonctionnels. (En l&rsquo;\u00e9tat, usures) &#8211; Dagger Bail &#8211; Heer Cannetille sewn on a light green background. Functional hooks.<\/p>","protected":false},"featured_media":16189,"template":"","meta":[],"product_brand":[],"product_cat":[77],"product_tag":[],"class_list":{"0":"post-16824","1":"product","2":"type-product","3":"status-publish","4":"has-post-thumbnail","6":"product_cat-coiffes-dagues-du-reich-2025-02","8":"first","9":"instock","10":"sold-individually","11":"purchasable","12":"product-type-auction"},"aioseo_notices":[],"_links":{"self":[{"href":"https:\/\/military-classic-auction.com\/en\/wp-json\/wp\/v2\/product\/16824","targetHints":{"allow":["GET"]}}],"collection":[{"href":"https:\/\/military-classic-auction.com\/en\/wp-json\/wp\/v2\/product"}],"about":[{"href":"https:\/\/military-classic-auction.com\/en\/wp-json\/wp\/v2\/types\/product"}],"wp:featuredmedia":[{"embeddable":true,"href":"https:\/\/military-classic-auction.com\/en\/wp-json\/wp\/v2\/media\/16189"}],"wp:attachment":[{"href":"https:\/\/military-classic-auction.com\/en\/wp-json\/wp\/v2\/media?parent=16824"}],"wp:term":[{"taxonomy":"product_brand","embeddable":true,"href":"https:\/\/military-classic-auction.com\/en\/wp-json\/wp\/v2\/product_brand?post=16824"},{"taxonomy":"product_cat","embeddable":true,"href":"https:\/\/military-classic-auction.com\/en\/wp-json\/wp\/v2\/product_cat?post=16824"},{"taxonomy":"product_tag","embeddable":true,"href":"https:\/\/military-classic-auction.com\/en\/wp-json\/wp\/v2\/product_tag?post=16824"}],"curies":[{"name":"wp","href":"https:\/\/api.w.org\/{rel}","templated":true}]}}