{"id":16823,"date":"2025-02-11T13:40:16","date_gmt":"2025-02-11T11:40:16","guid":{"rendered":"https:\/\/military-classic-auction.com\/?post_type=product&#038;p=16823"},"modified":"2025-02-21T19:22:59","modified_gmt":"2025-02-21T17:22:59","slug":"casquette-dofficier-wdk","status":"publish","type":"product","link":"https:\/\/military-classic-auction.com\/en\/product\/casquette-dofficier-wdk\/","title":{"rendered":"Casquette d&rsquo;officier WDK"},"content":{"rendered":"<p>Casquette d&rsquo;officier WDK<br \/>\nFabrication : Albert Dommer &#8211; Stuttgart<br \/>\nTaille : 53 1\/2<br \/>\nLiser\u00e9 jaune, insigne avec un fer \u00e0 cheval, peut \u00eatre pour mar\u00e9chal-ferrant : Hufbeschlaglehrmeister<br \/>\n(En l&rsquo;\u00e9tat, usures, bandeau cuir d\u00e9cousu)<br \/>\n&#8211;<br \/>\nWDK officer&rsquo;s cap<br \/>\nManufacture: Albert Dommer &#8211; Stuttgart<br \/>\nSize: 53 1\/2<br \/>\nYellow piping, badge with horseshoe, may be for farrier: Hufbeschlaglehrmeister<br \/>\n(As is, worn, leather headband detached)<\/p>","protected":false},"excerpt":{"rendered":"<p>Casquette d&rsquo;officier WDK Fabrication : Albert Dommer &#8211; Stuttgart Taille : 53 1\/2 Liser\u00e9 jaune, insigne avec un fer \u00e0 cheval, peut \u00eatre pour mar\u00e9chal-ferrant : Hufbeschlaglehrmeister (En l&rsquo;\u00e9tat, usures, bandeau cuir d\u00e9cousu) &#8211; WDK officer&rsquo;s cap Manufacture: Albert Dommer &#8211; Stuttgart Size: 53 1\/2 Yellow piping, badge with horseshoe, may be for farrier: Hufbeschlaglehrmeister<a class=\"more-link\" href=\"https:\/\/military-classic-auction.com\/en\/product\/casquette-dofficier-wdk\/\">Read more  &#10230;<\/a><\/p>","protected":false},"featured_media":16183,"template":"","meta":[],"product_brand":[],"product_cat":[77],"product_tag":[],"class_list":{"0":"post-16823","1":"product","2":"type-product","3":"status-publish","4":"has-post-thumbnail","6":"product_cat-coiffes-dagues-du-reich-2025-02","8":"first","9":"instock","10":"sold-individually","11":"purchasable","12":"product-type-auction"},"aioseo_notices":[],"_links":{"self":[{"href":"https:\/\/military-classic-auction.com\/en\/wp-json\/wp\/v2\/product\/16823","targetHints":{"allow":["GET"]}}],"collection":[{"href":"https:\/\/military-classic-auction.com\/en\/wp-json\/wp\/v2\/product"}],"about":[{"href":"https:\/\/military-classic-auction.com\/en\/wp-json\/wp\/v2\/types\/product"}],"wp:featuredmedia":[{"embeddable":true,"href":"https:\/\/military-classic-auction.com\/en\/wp-json\/wp\/v2\/media\/16183"}],"wp:attachment":[{"href":"https:\/\/military-classic-auction.com\/en\/wp-json\/wp\/v2\/media?parent=16823"}],"wp:term":[{"taxonomy":"product_brand","embeddable":true,"href":"https:\/\/military-classic-auction.com\/en\/wp-json\/wp\/v2\/product_brand?post=16823"},{"taxonomy":"product_cat","embeddable":true,"href":"https:\/\/military-classic-auction.com\/en\/wp-json\/wp\/v2\/product_cat?post=16823"},{"taxonomy":"product_tag","embeddable":true,"href":"https:\/\/military-classic-auction.com\/en\/wp-json\/wp\/v2\/product_tag?post=16823"}],"curies":[{"name":"wp","href":"https:\/\/api.w.org\/{rel}","templated":true}]}}