{"id":16822,"date":"2025-02-11T13:40:14","date_gmt":"2025-02-11T11:40:14","guid":{"rendered":"https:\/\/military-classic-auction.com\/?post_type=product&#038;p=16822"},"modified":"2025-02-15T16:30:33","modified_gmt":"2025-02-15T14:30:33","slug":"casquette-du-nskov-2","status":"publish","type":"product","link":"https:\/\/military-classic-auction.com\/en\/product\/casquette-du-nskov-2\/","title":{"rendered":"Casquette du NSKOV"},"content":{"rendered":"<p>Casquette du NSKOV<br \/>\nNSKOV : Nationalsozialistische Kriegsopferversorgung<br \/>\n\u00c9tiquette avec taille sur le bandeau arri\u00e8re.<br \/>\nTaille : 58<br \/>\nAvec jugulaire.<br \/>\n(En l&rsquo;\u00e9tat, usures)<br \/>\n&#8211;<br \/>\nNSKOV cap<br \/>\nNSKOV: Nationalsozialistische Kriegsopferversorgung<br \/>\nLabel with size on back band.<br \/>\nSize: 58<br \/>\nWith chinstrap.<br \/>\n(As is, wear)<\/p>","protected":false},"excerpt":{"rendered":"<p>Casquette du NSKOV NSKOV : Nationalsozialistische Kriegsopferversorgung \u00c9tiquette avec taille sur le bandeau arri\u00e8re. Taille : 58 Avec jugulaire. (En l&rsquo;\u00e9tat, usures) &#8211; NSKOV cap NSKOV: Nationalsozialistische Kriegsopferversorgung Label with size on back band. Size: 58 With chinstrap. (As is, wear)<\/p>","protected":false},"featured_media":16168,"template":"","meta":[],"product_brand":[],"product_cat":[77],"product_tag":[],"class_list":{"0":"post-16822","1":"product","2":"type-product","3":"status-publish","4":"has-post-thumbnail","6":"product_cat-coiffes-dagues-du-reich-2025-02","8":"first","9":"instock","10":"sold-individually","11":"purchasable","12":"product-type-auction"},"aioseo_notices":[],"_links":{"self":[{"href":"https:\/\/military-classic-auction.com\/en\/wp-json\/wp\/v2\/product\/16822","targetHints":{"allow":["GET"]}}],"collection":[{"href":"https:\/\/military-classic-auction.com\/en\/wp-json\/wp\/v2\/product"}],"about":[{"href":"https:\/\/military-classic-auction.com\/en\/wp-json\/wp\/v2\/types\/product"}],"wp:featuredmedia":[{"embeddable":true,"href":"https:\/\/military-classic-auction.com\/en\/wp-json\/wp\/v2\/media\/16168"}],"wp:attachment":[{"href":"https:\/\/military-classic-auction.com\/en\/wp-json\/wp\/v2\/media?parent=16822"}],"wp:term":[{"taxonomy":"product_brand","embeddable":true,"href":"https:\/\/military-classic-auction.com\/en\/wp-json\/wp\/v2\/product_brand?post=16822"},{"taxonomy":"product_cat","embeddable":true,"href":"https:\/\/military-classic-auction.com\/en\/wp-json\/wp\/v2\/product_cat?post=16822"},{"taxonomy":"product_tag","embeddable":true,"href":"https:\/\/military-classic-auction.com\/en\/wp-json\/wp\/v2\/product_tag?post=16822"}],"curies":[{"name":"wp","href":"https:\/\/api.w.org\/{rel}","templated":true}]}}