{"id":16820,"date":"2025-02-11T13:40:06","date_gmt":"2025-02-11T11:40:06","guid":{"rendered":"https:\/\/military-classic-auction.com\/?post_type=product&#038;p=16820"},"modified":"2025-02-21T12:39:11","modified_gmt":"2025-02-21T10:39:11","slug":"casquette-de-sous-officier-teno","status":"publish","type":"product","link":"https:\/\/military-classic-auction.com\/en\/product\/casquette-de-sous-officier-teno\/","title":{"rendered":"Casquette de sous officier &#8211; TENO"},"content":{"rendered":"<p>Casquette de sous officier &#8211; TENO<br \/>\nTENO : Technische Nothilfe<br \/>\nFabrication : Erel &#8211; Berlin<br \/>\n(En l&rsquo;\u00e9tat, usures, bandeau d\u00e9chir\u00e9, l\u00e9chures de mites)<br \/>\n&#8211;<br \/>\nNCO cap &#8211; TENO<br \/>\nTENO: Technische Nothilfe<br \/>\nManufactured by: Erel &#8211; Berlin<br \/>\n(As is, wear, torn headband, moth damage)<\/p>","protected":false},"excerpt":{"rendered":"<p>Casquette de sous officier &#8211; TENO TENO : Technische Nothilfe Fabrication : Erel &#8211; Berlin (En l&rsquo;\u00e9tat, usures, bandeau d\u00e9chir\u00e9, l\u00e9chures de mites) &#8211; NCO cap &#8211; TENO TENO: Technische Nothilfe Manufactured by: Erel &#8211; Berlin (As is, wear, torn headband, moth damage)<\/p>","protected":false},"featured_media":16144,"template":"","meta":[],"product_brand":[],"product_cat":[77],"product_tag":[],"class_list":{"0":"post-16820","1":"product","2":"type-product","3":"status-publish","4":"has-post-thumbnail","6":"product_cat-coiffes-dagues-du-reich-2025-02","8":"first","9":"instock","10":"sold-individually","11":"purchasable","12":"product-type-auction"},"aioseo_notices":[],"_links":{"self":[{"href":"https:\/\/military-classic-auction.com\/en\/wp-json\/wp\/v2\/product\/16820","targetHints":{"allow":["GET"]}}],"collection":[{"href":"https:\/\/military-classic-auction.com\/en\/wp-json\/wp\/v2\/product"}],"about":[{"href":"https:\/\/military-classic-auction.com\/en\/wp-json\/wp\/v2\/types\/product"}],"wp:featuredmedia":[{"embeddable":true,"href":"https:\/\/military-classic-auction.com\/en\/wp-json\/wp\/v2\/media\/16144"}],"wp:attachment":[{"href":"https:\/\/military-classic-auction.com\/en\/wp-json\/wp\/v2\/media?parent=16820"}],"wp:term":[{"taxonomy":"product_brand","embeddable":true,"href":"https:\/\/military-classic-auction.com\/en\/wp-json\/wp\/v2\/product_brand?post=16820"},{"taxonomy":"product_cat","embeddable":true,"href":"https:\/\/military-classic-auction.com\/en\/wp-json\/wp\/v2\/product_cat?post=16820"},{"taxonomy":"product_tag","embeddable":true,"href":"https:\/\/military-classic-auction.com\/en\/wp-json\/wp\/v2\/product_tag?post=16820"}],"curies":[{"name":"wp","href":"https:\/\/api.w.org\/{rel}","templated":true}]}}