{"id":16818,"date":"2025-02-11T13:39:59","date_gmt":"2025-02-11T11:39:59","guid":{"rendered":"https:\/\/military-classic-auction.com\/?post_type=product&#038;p=16818"},"modified":"2025-02-22T09:59:47","modified_gmt":"2025-02-22T07:59:47","slug":"baionnette-personnalisee-2","status":"publish","type":"product","link":"https:\/\/military-classic-auction.com\/en\/product\/baionnette-personnalisee-2\/","title":{"rendered":"Ba\u00efonnette personnalis\u00e9e"},"content":{"rendered":"<p>Ba\u00efonnette personnalis\u00e9e<br \/>\nPersonnalisation \u00ab\u00a03 Panzer Regt-GroBdeutschand\u00a0\u00bb (gravure apr\u00e8s guerre)<br \/>\nGousset cuir abim\u00e9.<br \/>\nDragonne pr\u00e9sente.<br \/>\nBouton poussoir non fonctionnel.<br \/>\nTaille de la lame : 24,5cm.<br \/>\n(En l&rsquo;\u00e9tat, usures)<br \/>\n&#8211;<br \/>\nPersonalized bayonet<br \/>\nPersonalized \u00ab\u00a03 Panzer Regt-GroBdeutschand\u00a0\u00bb (post-war engraving)<br \/>\nDamaged leather gusset.<br \/>\nStrap present.<br \/>\nNon-functional push button.<br \/>\nBlade size: 9,6&Prime;<\/p>","protected":false},"excerpt":{"rendered":"<p>Ba\u00efonnette personnalis\u00e9e Personnalisation \u00ab\u00a03 Panzer Regt-GroBdeutschand\u00a0\u00bb (gravure apr\u00e8s guerre) Gousset cuir abim\u00e9. Dragonne pr\u00e9sente. Bouton poussoir non fonctionnel. Taille de la lame : 24,5cm. (En l&rsquo;\u00e9tat, usures) &#8211; Personalized bayonet Personalized \u00ab\u00a03 Panzer Regt-GroBdeutschand\u00a0\u00bb (post-war engraving) Damaged leather gusset. Strap present. Non-functional push button. Blade size: 9,6&Prime;<\/p>","protected":false},"featured_media":16123,"template":"","meta":[],"product_brand":[],"product_cat":[77],"product_tag":[],"class_list":{"0":"post-16818","1":"product","2":"type-product","3":"status-publish","4":"has-post-thumbnail","6":"product_cat-coiffes-dagues-du-reich-2025-02","8":"first","9":"instock","10":"sold-individually","11":"purchasable","12":"product-type-auction"},"aioseo_notices":[],"_links":{"self":[{"href":"https:\/\/military-classic-auction.com\/en\/wp-json\/wp\/v2\/product\/16818","targetHints":{"allow":["GET"]}}],"collection":[{"href":"https:\/\/military-classic-auction.com\/en\/wp-json\/wp\/v2\/product"}],"about":[{"href":"https:\/\/military-classic-auction.com\/en\/wp-json\/wp\/v2\/types\/product"}],"wp:featuredmedia":[{"embeddable":true,"href":"https:\/\/military-classic-auction.com\/en\/wp-json\/wp\/v2\/media\/16123"}],"wp:attachment":[{"href":"https:\/\/military-classic-auction.com\/en\/wp-json\/wp\/v2\/media?parent=16818"}],"wp:term":[{"taxonomy":"product_brand","embeddable":true,"href":"https:\/\/military-classic-auction.com\/en\/wp-json\/wp\/v2\/product_brand?post=16818"},{"taxonomy":"product_cat","embeddable":true,"href":"https:\/\/military-classic-auction.com\/en\/wp-json\/wp\/v2\/product_cat?post=16818"},{"taxonomy":"product_tag","embeddable":true,"href":"https:\/\/military-classic-auction.com\/en\/wp-json\/wp\/v2\/product_tag?post=16818"}],"curies":[{"name":"wp","href":"https:\/\/api.w.org\/{rel}","templated":true}]}}