{"id":16811,"date":"2025-02-11T13:39:37","date_gmt":"2025-02-11T11:39:37","guid":{"rendered":"https:\/\/military-classic-auction.com\/?post_type=product&#038;p=16811"},"modified":"2025-02-21T12:36:07","modified_gmt":"2025-02-21T10:36:07","slug":"baionnette-de-parade-police-8","status":"publish","type":"product","link":"https:\/\/military-classic-auction.com\/en\/product\/baionnette-de-parade-police-8\/","title":{"rendered":"Ba\u00efonnette de parade &#8211; Police"},"content":{"rendered":"<p>Ba\u00efonnette de parade &#8211; Police<br \/>\nPas de marquage fabricant.<br \/>\nPorte fourreau en cuir noir (usures).<br \/>\nDragonne pr\u00e9sente.<br \/>\nBouton poussoir fonctionnel.<br \/>\nTaille de la lame : 33cm<br \/>\n(En l&rsquo;\u00e9tat, usures)<br \/>\n&#8211;<br \/>\nParade bayonet &#8211; Police<br \/>\nNo manufacturer marking.<br \/>\nBlack leather sheath holder (wear).<br \/>\nStrap present.<br \/>\nFunctional push button.<br \/>\nBlade size: 13&Prime;<\/p>","protected":false},"excerpt":{"rendered":"<p>Ba\u00efonnette de parade &#8211; Police Pas de marquage fabricant. Porte fourreau en cuir noir (usures). Dragonne pr\u00e9sente. Bouton poussoir fonctionnel. Taille de la lame : 33cm (En l&rsquo;\u00e9tat, usures) &#8211; Parade bayonet &#8211; Police No manufacturer marking. Black leather sheath holder (wear). Strap present. Functional push button. Blade size: 13&Prime;<\/p>","protected":false},"featured_media":16024,"template":"","meta":[],"product_brand":[],"product_cat":[77],"product_tag":[],"class_list":{"0":"post-16811","1":"product","2":"type-product","3":"status-publish","4":"has-post-thumbnail","6":"product_cat-coiffes-dagues-du-reich-2025-02","8":"first","9":"instock","10":"sold-individually","11":"purchasable","12":"product-type-auction"},"aioseo_notices":[],"_links":{"self":[{"href":"https:\/\/military-classic-auction.com\/en\/wp-json\/wp\/v2\/product\/16811","targetHints":{"allow":["GET"]}}],"collection":[{"href":"https:\/\/military-classic-auction.com\/en\/wp-json\/wp\/v2\/product"}],"about":[{"href":"https:\/\/military-classic-auction.com\/en\/wp-json\/wp\/v2\/types\/product"}],"wp:featuredmedia":[{"embeddable":true,"href":"https:\/\/military-classic-auction.com\/en\/wp-json\/wp\/v2\/media\/16024"}],"wp:attachment":[{"href":"https:\/\/military-classic-auction.com\/en\/wp-json\/wp\/v2\/media?parent=16811"}],"wp:term":[{"taxonomy":"product_brand","embeddable":true,"href":"https:\/\/military-classic-auction.com\/en\/wp-json\/wp\/v2\/product_brand?post=16811"},{"taxonomy":"product_cat","embeddable":true,"href":"https:\/\/military-classic-auction.com\/en\/wp-json\/wp\/v2\/product_cat?post=16811"},{"taxonomy":"product_tag","embeddable":true,"href":"https:\/\/military-classic-auction.com\/en\/wp-json\/wp\/v2\/product_tag?post=16811"}],"curies":[{"name":"wp","href":"https:\/\/api.w.org\/{rel}","templated":true}]}}