{"id":16808,"date":"2025-02-11T13:39:29","date_gmt":"2025-02-11T11:39:29","guid":{"rendered":"https:\/\/military-classic-auction.com\/?post_type=product&#038;p=16808"},"modified":"2025-02-21T12:32:51","modified_gmt":"2025-02-21T10:32:51","slug":"casquette-dofficier-polizei","status":"publish","type":"product","link":"https:\/\/military-classic-auction.com\/en\/product\/casquette-dofficier-polizei\/","title":{"rendered":"Casquette d&rsquo;officier &#8211; Polizei"},"content":{"rendered":"<p>Casquette d&rsquo;officier &#8211; Polizei<br \/>\nFabrication illisible<br \/>\nAnnotations pr\u00e9sentes<br \/>\n(En l&rsquo;\u00e9tat, usures, trous de mites, bandeau cuir d\u00e9chir\u00e9)<br \/>\n&#8211;<br \/>\nOfficer&rsquo;s cap &#8211; Polizei<br \/>\nManufacture illegible<br \/>\nAnnotations present<br \/>\n(As is, wear, moth holes, torn leather headband)<\/p>","protected":false},"excerpt":{"rendered":"<p>Casquette d&rsquo;officier &#8211; Polizei Fabrication illisible Annotations pr\u00e9sentes (En l&rsquo;\u00e9tat, usures, trous de mites, bandeau cuir d\u00e9chir\u00e9) &#8211; Officer&rsquo;s cap &#8211; Polizei Manufacture illegible Annotations present (As is, wear, moth holes, torn leather headband)<\/p>","protected":false},"featured_media":15981,"template":"","meta":[],"product_brand":[],"product_cat":[77],"product_tag":[],"class_list":{"0":"post-16808","1":"product","2":"type-product","3":"status-publish","4":"has-post-thumbnail","6":"product_cat-coiffes-dagues-du-reich-2025-02","8":"first","9":"instock","10":"sold-individually","11":"purchasable","12":"product-type-auction"},"aioseo_notices":[],"_links":{"self":[{"href":"https:\/\/military-classic-auction.com\/en\/wp-json\/wp\/v2\/product\/16808","targetHints":{"allow":["GET"]}}],"collection":[{"href":"https:\/\/military-classic-auction.com\/en\/wp-json\/wp\/v2\/product"}],"about":[{"href":"https:\/\/military-classic-auction.com\/en\/wp-json\/wp\/v2\/types\/product"}],"wp:featuredmedia":[{"embeddable":true,"href":"https:\/\/military-classic-auction.com\/en\/wp-json\/wp\/v2\/media\/15981"}],"wp:attachment":[{"href":"https:\/\/military-classic-auction.com\/en\/wp-json\/wp\/v2\/media?parent=16808"}],"wp:term":[{"taxonomy":"product_brand","embeddable":true,"href":"https:\/\/military-classic-auction.com\/en\/wp-json\/wp\/v2\/product_brand?post=16808"},{"taxonomy":"product_cat","embeddable":true,"href":"https:\/\/military-classic-auction.com\/en\/wp-json\/wp\/v2\/product_cat?post=16808"},{"taxonomy":"product_tag","embeddable":true,"href":"https:\/\/military-classic-auction.com\/en\/wp-json\/wp\/v2\/product_tag?post=16808"}],"curies":[{"name":"wp","href":"https:\/\/api.w.org\/{rel}","templated":true}]}}