{"id":16807,"date":"2025-02-11T13:39:27","date_gmt":"2025-02-11T11:39:27","guid":{"rendered":"https:\/\/military-classic-auction.com\/?post_type=product&#038;p=16807"},"modified":"2025-02-21T12:31:53","modified_gmt":"2025-02-21T10:31:53","slug":"baionnette-de-parade-police-6","status":"publish","type":"product","link":"https:\/\/military-classic-auction.com\/en\/product\/baionnette-de-parade-police-6\/","title":{"rendered":"Ba\u00efonnette de parade &#8211; Police"},"content":{"rendered":"<p>Ba\u00efonnette de parade &#8211; Police<br \/>\nFabrication : \u00ab\u00a0Alexander Coppel &#8211; Alcoso &#8211; Solingen\u00a0\u00bb<br \/>\nEnsemble num\u00e9rot\u00e9 : \u00ab\u00a096\u00a0\u00bb<br \/>\nMarquages : \u00ab\u00a0W 16\u00a0\u00bb \u00ab\u00a0W 41\u00a0\u00bb &#038; num\u00e9ro r\u00e9giment barr\u00e9 sur fourreau.<br \/>\nPorte fourreau en cuir marron.<br \/>\nTaille de la lame : 32cm<br \/>\n(En l&rsquo;\u00e9tat, usures)<br \/>\n&#8211;<br \/>\nParade bayonet &#8211; Police<br \/>\nManufactured: \u00ab\u00a0Alexander Coppel &#8211; Alcoso &#8211; Solingen\u00a0\u00bb<br \/>\nNumbered set: \u00ab\u00a096\u00a0\u00bb<br \/>\nMarkings: \u00ab\u00a0W 16\u00a0\u00bb \u00ab\u00a0W 41&Prime; &#038; regiment number crossed out on scabbard.<br \/>\nBrown leather sheath holder.<br \/>\nBlade size: 12,6\u00a0\u00bb<\/p>","protected":false},"excerpt":{"rendered":"<p>Ba\u00efonnette de parade &#8211; Police Fabrication : \u00ab\u00a0Alexander Coppel &#8211; Alcoso &#8211; Solingen\u00a0\u00bb Ensemble num\u00e9rot\u00e9 : \u00ab\u00a096\u00a0\u00bb Marquages : \u00ab\u00a0W 16\u00a0\u00bb \u00ab\u00a0W 41\u00a0\u00bb &#038; num\u00e9ro r\u00e9giment barr\u00e9 sur fourreau. Porte fourreau en cuir marron. Taille de la lame : 32cm (En l&rsquo;\u00e9tat, usures) &#8211; Parade bayonet &#8211; Police Manufactured: \u00ab\u00a0Alexander Coppel &#8211; Alcoso &#8211; Solingen\u00a0\u00bb<a class=\"more-link\" href=\"https:\/\/military-classic-auction.com\/en\/product\/baionnette-de-parade-police-6\/\">Read more  &#10230;<\/a><\/p>","protected":false},"featured_media":15967,"template":"","meta":[],"product_brand":[],"product_cat":[77],"product_tag":[],"class_list":{"0":"post-16807","1":"product","2":"type-product","3":"status-publish","4":"has-post-thumbnail","6":"product_cat-coiffes-dagues-du-reich-2025-02","8":"first","9":"instock","10":"sold-individually","11":"purchasable","12":"product-type-auction"},"aioseo_notices":[],"_links":{"self":[{"href":"https:\/\/military-classic-auction.com\/en\/wp-json\/wp\/v2\/product\/16807","targetHints":{"allow":["GET"]}}],"collection":[{"href":"https:\/\/military-classic-auction.com\/en\/wp-json\/wp\/v2\/product"}],"about":[{"href":"https:\/\/military-classic-auction.com\/en\/wp-json\/wp\/v2\/types\/product"}],"wp:featuredmedia":[{"embeddable":true,"href":"https:\/\/military-classic-auction.com\/en\/wp-json\/wp\/v2\/media\/15967"}],"wp:attachment":[{"href":"https:\/\/military-classic-auction.com\/en\/wp-json\/wp\/v2\/media?parent=16807"}],"wp:term":[{"taxonomy":"product_brand","embeddable":true,"href":"https:\/\/military-classic-auction.com\/en\/wp-json\/wp\/v2\/product_brand?post=16807"},{"taxonomy":"product_cat","embeddable":true,"href":"https:\/\/military-classic-auction.com\/en\/wp-json\/wp\/v2\/product_cat?post=16807"},{"taxonomy":"product_tag","embeddable":true,"href":"https:\/\/military-classic-auction.com\/en\/wp-json\/wp\/v2\/product_tag?post=16807"}],"curies":[{"name":"wp","href":"https:\/\/api.w.org\/{rel}","templated":true}]}}