{"id":16806,"date":"2025-02-11T13:39:24","date_gmt":"2025-02-11T11:39:24","guid":{"rendered":"https:\/\/military-classic-auction.com\/?post_type=product&#038;p=16806"},"modified":"2025-02-22T10:33:15","modified_gmt":"2025-02-22T08:33:15","slug":"casquette-de-sous-officier-feldgendarmerie","status":"publish","type":"product","link":"https:\/\/military-classic-auction.com\/en\/product\/casquette-de-sous-officier-feldgendarmerie\/","title":{"rendered":"Casquette de sous officier &#8211; Feldgendarmerie"},"content":{"rendered":"<p>Casquette de sous officier &#8211; Feldgendarmerie<br \/>\nFabrication : Marie Slama &#038; Fils<br \/>\nNominative<br \/>\n(En l&rsquo;\u00e9tat, usures, manques, l\u00e9chures de mites, bandeau abim\u00e9)<br \/>\n&#8211;<br \/>\nNCO cap &#8211; Feldgendarmerie<br \/>\nManufactured by: Marie Slama &#038; Fils<br \/>\nNominative<br \/>\n(As is, worn, missing, moth-eaten, headband damaged)<\/p>","protected":false},"excerpt":{"rendered":"<p>Casquette de sous officier &#8211; Feldgendarmerie Fabrication : Marie Slama &#038; Fils Nominative (En l&rsquo;\u00e9tat, usures, manques, l\u00e9chures de mites, bandeau abim\u00e9) &#8211; NCO cap &#8211; Feldgendarmerie Manufactured by: Marie Slama &#038; Fils Nominative (As is, worn, missing, moth-eaten, headband damaged)<\/p>","protected":false},"featured_media":15950,"template":"","meta":[],"product_brand":[],"product_cat":[77],"product_tag":[],"class_list":{"0":"post-16806","1":"product","2":"type-product","3":"status-publish","4":"has-post-thumbnail","6":"product_cat-coiffes-dagues-du-reich-2025-02","8":"first","9":"instock","10":"sold-individually","11":"purchasable","12":"product-type-auction"},"aioseo_notices":[],"_links":{"self":[{"href":"https:\/\/military-classic-auction.com\/en\/wp-json\/wp\/v2\/product\/16806","targetHints":{"allow":["GET"]}}],"collection":[{"href":"https:\/\/military-classic-auction.com\/en\/wp-json\/wp\/v2\/product"}],"about":[{"href":"https:\/\/military-classic-auction.com\/en\/wp-json\/wp\/v2\/types\/product"}],"wp:featuredmedia":[{"embeddable":true,"href":"https:\/\/military-classic-auction.com\/en\/wp-json\/wp\/v2\/media\/15950"}],"wp:attachment":[{"href":"https:\/\/military-classic-auction.com\/en\/wp-json\/wp\/v2\/media?parent=16806"}],"wp:term":[{"taxonomy":"product_brand","embeddable":true,"href":"https:\/\/military-classic-auction.com\/en\/wp-json\/wp\/v2\/product_brand?post=16806"},{"taxonomy":"product_cat","embeddable":true,"href":"https:\/\/military-classic-auction.com\/en\/wp-json\/wp\/v2\/product_cat?post=16806"},{"taxonomy":"product_tag","embeddable":true,"href":"https:\/\/military-classic-auction.com\/en\/wp-json\/wp\/v2\/product_tag?post=16806"}],"curies":[{"name":"wp","href":"https:\/\/api.w.org\/{rel}","templated":true}]}}