{"id":16791,"date":"2025-02-11T13:38:38","date_gmt":"2025-02-11T11:38:38","guid":{"rendered":"https:\/\/military-classic-auction.com\/?post_type=product&#038;p=16791"},"modified":"2025-02-21T12:28:47","modified_gmt":"2025-02-21T10:28:47","slug":"casquette-de-la-jeunesse-hitlerienne-2","status":"publish","type":"product","link":"https:\/\/military-classic-auction.com\/en\/product\/casquette-de-la-jeunesse-hitlerienne-2\/","title":{"rendered":"Casquette de la Jeunesse Hitl\u00e9rienne"},"content":{"rendered":"<p>Casquette de la Jeunesse Hitl\u00e9rienne<br \/>\n\u00c9tiquette de fabrication RZM sous le bandeau.<br \/>\nJugulaire cuir.<br \/>\nLiser\u00e9 rouge, abim\u00e9 par endroit voir manquant.<br \/>\n\u00c9mail endommag\u00e9 ou manquant par endroit.<br \/>\n(En l&rsquo;\u00e9tat, usures, taches)<br \/>\n&#8211;<br \/>\nHitler Youth cap<br \/>\nRZM manufacturing label under headband.<br \/>\nLeather chinstrap.<br \/>\nRed piping, damaged or missing in places.<br \/>\nEnamel damaged or missing in places.<br \/>\n(As is, wear, stains).<\/p>","protected":false},"excerpt":{"rendered":"<p>Casquette de la Jeunesse Hitl\u00e9rienne \u00c9tiquette de fabrication RZM sous le bandeau. Jugulaire cuir. Liser\u00e9 rouge, abim\u00e9 par endroit voir manquant. \u00c9mail endommag\u00e9 ou manquant par endroit. (En l&rsquo;\u00e9tat, usures, taches) &#8211; Hitler Youth cap RZM manufacturing label under headband. Leather chinstrap. Red piping, damaged or missing in places. Enamel damaged or missing in places.<a class=\"more-link\" href=\"https:\/\/military-classic-auction.com\/en\/product\/casquette-de-la-jeunesse-hitlerienne-2\/\">Read more  &#10230;<\/a><\/p>","protected":false},"featured_media":15757,"template":"","meta":[],"product_brand":[],"product_cat":[77],"product_tag":[],"class_list":{"0":"post-16791","1":"product","2":"type-product","3":"status-publish","4":"has-post-thumbnail","6":"product_cat-coiffes-dagues-du-reich-2025-02","8":"first","9":"instock","10":"sold-individually","11":"purchasable","12":"product-type-auction"},"aioseo_notices":[],"_links":{"self":[{"href":"https:\/\/military-classic-auction.com\/en\/wp-json\/wp\/v2\/product\/16791","targetHints":{"allow":["GET"]}}],"collection":[{"href":"https:\/\/military-classic-auction.com\/en\/wp-json\/wp\/v2\/product"}],"about":[{"href":"https:\/\/military-classic-auction.com\/en\/wp-json\/wp\/v2\/types\/product"}],"wp:featuredmedia":[{"embeddable":true,"href":"https:\/\/military-classic-auction.com\/en\/wp-json\/wp\/v2\/media\/15757"}],"wp:attachment":[{"href":"https:\/\/military-classic-auction.com\/en\/wp-json\/wp\/v2\/media?parent=16791"}],"wp:term":[{"taxonomy":"product_brand","embeddable":true,"href":"https:\/\/military-classic-auction.com\/en\/wp-json\/wp\/v2\/product_brand?post=16791"},{"taxonomy":"product_cat","embeddable":true,"href":"https:\/\/military-classic-auction.com\/en\/wp-json\/wp\/v2\/product_cat?post=16791"},{"taxonomy":"product_tag","embeddable":true,"href":"https:\/\/military-classic-auction.com\/en\/wp-json\/wp\/v2\/product_tag?post=16791"}],"curies":[{"name":"wp","href":"https:\/\/api.w.org\/{rel}","templated":true}]}}