{"id":16790,"date":"2025-02-11T13:38:35","date_gmt":"2025-02-11T11:38:35","guid":{"rendered":"https:\/\/military-classic-auction.com\/?post_type=product&#038;p=16790"},"modified":"2025-02-22T10:58:30","modified_gmt":"2025-02-22T08:58:30","slug":"couteau-de-marche-jeunesse-hitlerienne-7","status":"publish","type":"product","link":"https:\/\/military-classic-auction.com\/en\/product\/couteau-de-marche-jeunesse-hitlerienne-7\/","title":{"rendered":"Couteau de marche &#8211; Jeunesse Hitl\u00e9rienne"},"content":{"rendered":"<p>Couteau de marche &#8211; Jeunesse Hitl\u00e9rienne<br \/>\nFabrication : \u00ab\u00a0RZM M7\/13\u00a0\u00bb<br \/>\nLame non grav\u00e9e, insigne en \u00e9mail manquant.<br \/>\nPression du porte fourreau fonctionnelle.<br \/>\nTaille de la lame : 14cm<br \/>\n(En l&rsquo;\u00e9tat, usures, quillon cass\u00e9)<br \/>\n&#8211;<br \/>\nWalking knife &#8211; Hitler Youth<br \/>\nManufacture: \u00ab\u00a0RZM M7\/13&Prime;<br \/>\nUnengraved blade, missing enamel badge.<br \/>\nFunctional scabbard holder pressure.<br \/>\nBlade size: 5,5\u00a0\u00bb<br \/>\n(As is, wear, broken quillon)<\/p>","protected":false},"excerpt":{"rendered":"<p>Couteau de marche &#8211; Jeunesse Hitl\u00e9rienne Fabrication : \u00ab\u00a0RZM M7\/13\u00a0\u00bb Lame non grav\u00e9e, insigne en \u00e9mail manquant. Pression du porte fourreau fonctionnelle. Taille de la lame : 14cm (En l&rsquo;\u00e9tat, usures, quillon cass\u00e9) &#8211; Walking knife &#8211; Hitler Youth Manufacture: \u00ab\u00a0RZM M7\/13&Prime; Unengraved blade, missing enamel badge. Functional scabbard holder pressure. Blade size: 5,5\u00a0\u00bb (As<a class=\"more-link\" href=\"https:\/\/military-classic-auction.com\/en\/product\/couteau-de-marche-jeunesse-hitlerienne-7\/\">Read more  &#10230;<\/a><\/p>","protected":false},"featured_media":15743,"template":"","meta":[],"product_brand":[],"product_cat":[77],"product_tag":[],"class_list":{"0":"post-16790","1":"product","2":"type-product","3":"status-publish","4":"has-post-thumbnail","6":"product_cat-coiffes-dagues-du-reich-2025-02","8":"first","9":"instock","10":"sold-individually","11":"purchasable","12":"product-type-auction"},"aioseo_notices":[],"_links":{"self":[{"href":"https:\/\/military-classic-auction.com\/en\/wp-json\/wp\/v2\/product\/16790","targetHints":{"allow":["GET"]}}],"collection":[{"href":"https:\/\/military-classic-auction.com\/en\/wp-json\/wp\/v2\/product"}],"about":[{"href":"https:\/\/military-classic-auction.com\/en\/wp-json\/wp\/v2\/types\/product"}],"wp:featuredmedia":[{"embeddable":true,"href":"https:\/\/military-classic-auction.com\/en\/wp-json\/wp\/v2\/media\/15743"}],"wp:attachment":[{"href":"https:\/\/military-classic-auction.com\/en\/wp-json\/wp\/v2\/media?parent=16790"}],"wp:term":[{"taxonomy":"product_brand","embeddable":true,"href":"https:\/\/military-classic-auction.com\/en\/wp-json\/wp\/v2\/product_brand?post=16790"},{"taxonomy":"product_cat","embeddable":true,"href":"https:\/\/military-classic-auction.com\/en\/wp-json\/wp\/v2\/product_cat?post=16790"},{"taxonomy":"product_tag","embeddable":true,"href":"https:\/\/military-classic-auction.com\/en\/wp-json\/wp\/v2\/product_tag?post=16790"}],"curies":[{"name":"wp","href":"https:\/\/api.w.org\/{rel}","templated":true}]}}