{"id":16786,"date":"2025-02-11T13:38:26","date_gmt":"2025-02-11T11:38:26","guid":{"rendered":"https:\/\/military-classic-auction.com\/?post_type=product&#038;p=16786"},"modified":"2025-02-21T15:21:13","modified_gmt":"2025-02-21T13:21:13","slug":"calot-jeunesse-hitlerienne","status":"publish","type":"product","link":"https:\/\/military-classic-auction.com\/en\/product\/calot-jeunesse-hitlerienne\/","title":{"rendered":"Calot Jeunesse Hitl\u00e9rienne"},"content":{"rendered":"<p>Calot Jeunesse Hitl\u00e9rienne<br \/>\n\u00c9tiquette de fabrication RZM &#8211; Nr.B 464664<br \/>\nTaille : 54<br \/>\nInsigne avec marquage de fabrication RZM.<br \/>\n(En l&rsquo;\u00e9tat, usures)<br \/>\n&#8211;<br \/>\nHitler Youth cap<br \/>\nRZM manufacturing label &#8211; Nr.B 464664<br \/>\nSize : 54<br \/>\nBadge with RZM manufacturing label.<br \/>\n(As is, wear and tear)<\/p>","protected":false},"excerpt":{"rendered":"<p>Calot Jeunesse Hitl\u00e9rienne \u00c9tiquette de fabrication RZM &#8211; Nr.B 464664 Taille : 54 Insigne avec marquage de fabrication RZM. (En l&rsquo;\u00e9tat, usures) &#8211; Hitler Youth cap RZM manufacturing label &#8211; Nr.B 464664 Size : 54 Badge with RZM manufacturing label. (As is, wear and tear)<\/p>","protected":false},"featured_media":15700,"template":"","meta":[],"product_brand":[],"product_cat":[77],"product_tag":[],"class_list":{"0":"post-16786","1":"product","2":"type-product","3":"status-publish","4":"has-post-thumbnail","6":"product_cat-coiffes-dagues-du-reich-2025-02","8":"first","9":"instock","10":"sold-individually","11":"purchasable","12":"product-type-auction"},"aioseo_notices":[],"_links":{"self":[{"href":"https:\/\/military-classic-auction.com\/en\/wp-json\/wp\/v2\/product\/16786","targetHints":{"allow":["GET"]}}],"collection":[{"href":"https:\/\/military-classic-auction.com\/en\/wp-json\/wp\/v2\/product"}],"about":[{"href":"https:\/\/military-classic-auction.com\/en\/wp-json\/wp\/v2\/types\/product"}],"wp:featuredmedia":[{"embeddable":true,"href":"https:\/\/military-classic-auction.com\/en\/wp-json\/wp\/v2\/media\/15700"}],"wp:attachment":[{"href":"https:\/\/military-classic-auction.com\/en\/wp-json\/wp\/v2\/media?parent=16786"}],"wp:term":[{"taxonomy":"product_brand","embeddable":true,"href":"https:\/\/military-classic-auction.com\/en\/wp-json\/wp\/v2\/product_brand?post=16786"},{"taxonomy":"product_cat","embeddable":true,"href":"https:\/\/military-classic-auction.com\/en\/wp-json\/wp\/v2\/product_cat?post=16786"},{"taxonomy":"product_tag","embeddable":true,"href":"https:\/\/military-classic-auction.com\/en\/wp-json\/wp\/v2\/product_tag?post=16786"}],"curies":[{"name":"wp","href":"https:\/\/api.w.org\/{rel}","templated":true}]}}