{"id":16785,"date":"2025-02-11T13:38:23","date_gmt":"2025-02-11T11:38:23","guid":{"rendered":"https:\/\/military-classic-auction.com\/?post_type=product&#038;p=16785"},"modified":"2025-02-21T20:14:08","modified_gmt":"2025-02-21T18:14:08","slug":"fendoir-service-du-travail-7","status":"publish","type":"product","link":"https:\/\/military-classic-auction.com\/en\/product\/fendoir-service-du-travail-7\/","title":{"rendered":"Fendoir Service du Travail"},"content":{"rendered":"<p>Fendoir Service du Travail<br \/>\nFabrication : \u00ab\u00a0ED Wusthof Solingen\u00a0\u00bb<br \/>\nMarquage \u00ab\u00a0RJAD\u00a0\u00bb et inscription lame \u00ab\u00a0Urbeit Adelt\u00a0\u00bb<br \/>\nB\u00e9li\u00e8re pr\u00e9sente (usures, cuir sec)<br \/>\nTaille de la lame : 24,5cm<br \/>\n&#8211;<br \/>\nCleaver Labor Service<br \/>\nMade by \u00ab\u00a0ED Wusthof Solingen\u00a0\u00bb.<\/p>\n<p>RJAD\u00a0\u00bb marking and \u00ab\u00a0Urbeit Adelt\u00a0\u00bb blade inscription<br \/>\nBail present (wear, dry leather)<br \/>\nBlade size: 9,6&Prime;<\/p>","protected":false},"excerpt":{"rendered":"<p>Fendoir Service du Travail Fabrication : \u00ab\u00a0ED Wusthof Solingen\u00a0\u00bb Marquage \u00ab\u00a0RJAD\u00a0\u00bb et inscription lame \u00ab\u00a0Urbeit Adelt\u00a0\u00bb B\u00e9li\u00e8re pr\u00e9sente (usures, cuir sec) Taille de la lame : 24,5cm &#8211; Cleaver Labor Service Made by \u00ab\u00a0ED Wusthof Solingen\u00a0\u00bb. RJAD\u00a0\u00bb marking and \u00ab\u00a0Urbeit Adelt\u00a0\u00bb blade inscription Bail present (wear, dry leather) Blade size: 9,6&Prime;<\/p>","protected":false},"featured_media":15689,"template":"","meta":[],"product_brand":[],"product_cat":[77],"product_tag":[],"class_list":{"0":"post-16785","1":"product","2":"type-product","3":"status-publish","4":"has-post-thumbnail","6":"product_cat-coiffes-dagues-du-reich-2025-02","8":"first","9":"instock","10":"sold-individually","11":"purchasable","12":"product-type-auction"},"aioseo_notices":[],"_links":{"self":[{"href":"https:\/\/military-classic-auction.com\/en\/wp-json\/wp\/v2\/product\/16785","targetHints":{"allow":["GET"]}}],"collection":[{"href":"https:\/\/military-classic-auction.com\/en\/wp-json\/wp\/v2\/product"}],"about":[{"href":"https:\/\/military-classic-auction.com\/en\/wp-json\/wp\/v2\/types\/product"}],"wp:featuredmedia":[{"embeddable":true,"href":"https:\/\/military-classic-auction.com\/en\/wp-json\/wp\/v2\/media\/15689"}],"wp:attachment":[{"href":"https:\/\/military-classic-auction.com\/en\/wp-json\/wp\/v2\/media?parent=16785"}],"wp:term":[{"taxonomy":"product_brand","embeddable":true,"href":"https:\/\/military-classic-auction.com\/en\/wp-json\/wp\/v2\/product_brand?post=16785"},{"taxonomy":"product_cat","embeddable":true,"href":"https:\/\/military-classic-auction.com\/en\/wp-json\/wp\/v2\/product_cat?post=16785"},{"taxonomy":"product_tag","embeddable":true,"href":"https:\/\/military-classic-auction.com\/en\/wp-json\/wp\/v2\/product_tag?post=16785"}],"curies":[{"name":"wp","href":"https:\/\/api.w.org\/{rel}","templated":true}]}}