{"id":16779,"date":"2025-02-11T13:38:03","date_gmt":"2025-02-11T11:38:03","guid":{"rendered":"https:\/\/military-classic-auction.com\/?post_type=product&#038;p=16779"},"modified":"2025-02-11T13:38:04","modified_gmt":"2025-02-11T11:38:04","slug":"casquette-de-sous-officier-ns-soldatenbund","status":"publish","type":"product","link":"https:\/\/military-classic-auction.com\/en\/product\/casquette-de-sous-officier-ns-soldatenbund\/","title":{"rendered":"Casquette de sous officier &#8211; NS Soldatenbund"},"content":{"rendered":"<p>Casquette de sous officier &#8211; NS Soldatenbund<br \/>\n\u00ab\u00a0National Socialist Soldiers League\u00a0\u00bb<br \/>\nFabrication : Akat M\u00fctze<br \/>\nTaille : 57<br \/>\nLiser\u00e9 rouge d&rsquo;artillerie.<br \/>\nEn bon \u00e9tat g\u00e9n\u00e9ral.<br \/>\n&#8211;<br \/>\nNCO cap &#8211; NS Soldatenbund<br \/>\n\u00ab\u00a0National Socialist Soldiers League\u00a0\u00bb<br \/>\nManufacture: Akat M\u00fctze<br \/>\nSize: 57cm<br \/>\nRed artillery piping.<br \/>\nIn good condition. <\/p>","protected":false},"excerpt":{"rendered":"<p>Casquette de sous officier &#8211; NS Soldatenbund \u00ab\u00a0National Socialist Soldiers League\u00a0\u00bb Fabrication : Akat M\u00fctze Taille : 57 Liser\u00e9 rouge d&rsquo;artillerie. En bon \u00e9tat g\u00e9n\u00e9ral. &#8211; NCO cap &#8211; NS Soldatenbund \u00ab\u00a0National Socialist Soldiers League\u00a0\u00bb Manufacture: Akat M\u00fctze Size: 57cm Red artillery piping. In good condition.<\/p>","protected":false},"featured_media":15612,"template":"","meta":[],"product_brand":[],"product_cat":[77],"product_tag":[],"class_list":{"0":"post-16779","1":"product","2":"type-product","3":"status-publish","4":"has-post-thumbnail","6":"product_cat-coiffes-dagues-du-reich-2025-02","8":"first","9":"instock","10":"sold-individually","11":"purchasable","12":"product-type-auction"},"aioseo_notices":[],"_links":{"self":[{"href":"https:\/\/military-classic-auction.com\/en\/wp-json\/wp\/v2\/product\/16779","targetHints":{"allow":["GET"]}}],"collection":[{"href":"https:\/\/military-classic-auction.com\/en\/wp-json\/wp\/v2\/product"}],"about":[{"href":"https:\/\/military-classic-auction.com\/en\/wp-json\/wp\/v2\/types\/product"}],"wp:featuredmedia":[{"embeddable":true,"href":"https:\/\/military-classic-auction.com\/en\/wp-json\/wp\/v2\/media\/15612"}],"wp:attachment":[{"href":"https:\/\/military-classic-auction.com\/en\/wp-json\/wp\/v2\/media?parent=16779"}],"wp:term":[{"taxonomy":"product_brand","embeddable":true,"href":"https:\/\/military-classic-auction.com\/en\/wp-json\/wp\/v2\/product_brand?post=16779"},{"taxonomy":"product_cat","embeddable":true,"href":"https:\/\/military-classic-auction.com\/en\/wp-json\/wp\/v2\/product_cat?post=16779"},{"taxonomy":"product_tag","embeddable":true,"href":"https:\/\/military-classic-auction.com\/en\/wp-json\/wp\/v2\/product_tag?post=16779"}],"curies":[{"name":"wp","href":"https:\/\/api.w.org\/{rel}","templated":true}]}}