{"id":16778,"date":"2025-02-11T13:38:00","date_gmt":"2025-02-11T11:38:00","guid":{"rendered":"https:\/\/military-classic-auction.com\/?post_type=product&#038;p=16778"},"modified":"2025-02-22T11:00:05","modified_gmt":"2025-02-22T09:00:05","slug":"dague-ss-modele-1933-2","status":"publish","type":"product","link":"https:\/\/military-classic-auction.com\/en\/product\/dague-ss-modele-1933-2\/","title":{"rendered":"Dague SS &#8211; Mod\u00e8le 1933"},"content":{"rendered":"<p>Dague SS &#8211; Mod\u00e8le 1933<br \/>\nFabrication : \u00ab\u00a0RZM &#8211; 121\/34\u00a0\u00bb<br \/>\nDevise sur la lame : \u00ab\u00a0Mein Ehre Heisst Treue\u00a0\u00bb<br \/>\nTaille de la lame : 22cm<br \/>\n\u00c9clat sur manche, choc sur bouterole.<br \/>\nDague remont\u00e9e.<br \/>\n(En l&rsquo;\u00e9tat, usures)<br \/>\n&#8211;<br \/>\nSS Dagger &#8211; Model 1933<br \/>\nManufacture: \u00ab\u00a0RZM &#8211; 121\/34\u00a0\u00bb<br \/>\nMotto on the blade: \u00ab\u00a0Mein Ehre Heisst Treue\u00a0\u00bb<br \/>\nBlade size: 8,6&Prime;<br \/>\nChip on handle, shock on bouterole.<br \/>\nDagger raised.<br \/>\n(As is, wear)<\/p>","protected":false},"excerpt":{"rendered":"<p>Dague SS &#8211; Mod\u00e8le 1933 Fabrication : \u00ab\u00a0RZM &#8211; 121\/34\u00a0\u00bb Devise sur la lame : \u00ab\u00a0Mein Ehre Heisst Treue\u00a0\u00bb Taille de la lame : 22cm \u00c9clat sur manche, choc sur bouterole. Dague remont\u00e9e. (En l&rsquo;\u00e9tat, usures) &#8211; SS Dagger &#8211; Model 1933 Manufacture: \u00ab\u00a0RZM &#8211; 121\/34\u00a0\u00bb Motto on the blade: \u00ab\u00a0Mein Ehre Heisst Treue\u00a0\u00bb Blade<a class=\"more-link\" href=\"https:\/\/military-classic-auction.com\/en\/product\/dague-ss-modele-1933-2\/\">Read more  &#10230;<\/a><\/p>","protected":false},"featured_media":15598,"template":"","meta":[],"product_brand":[],"product_cat":[77],"product_tag":[],"class_list":{"0":"post-16778","1":"product","2":"type-product","3":"status-publish","4":"has-post-thumbnail","6":"product_cat-coiffes-dagues-du-reich-2025-02","8":"first","9":"instock","10":"sold-individually","11":"purchasable","12":"product-type-auction"},"aioseo_notices":[],"_links":{"self":[{"href":"https:\/\/military-classic-auction.com\/en\/wp-json\/wp\/v2\/product\/16778","targetHints":{"allow":["GET"]}}],"collection":[{"href":"https:\/\/military-classic-auction.com\/en\/wp-json\/wp\/v2\/product"}],"about":[{"href":"https:\/\/military-classic-auction.com\/en\/wp-json\/wp\/v2\/types\/product"}],"wp:featuredmedia":[{"embeddable":true,"href":"https:\/\/military-classic-auction.com\/en\/wp-json\/wp\/v2\/media\/15598"}],"wp:attachment":[{"href":"https:\/\/military-classic-auction.com\/en\/wp-json\/wp\/v2\/media?parent=16778"}],"wp:term":[{"taxonomy":"product_brand","embeddable":true,"href":"https:\/\/military-classic-auction.com\/en\/wp-json\/wp\/v2\/product_brand?post=16778"},{"taxonomy":"product_cat","embeddable":true,"href":"https:\/\/military-classic-auction.com\/en\/wp-json\/wp\/v2\/product_cat?post=16778"},{"taxonomy":"product_tag","embeddable":true,"href":"https:\/\/military-classic-auction.com\/en\/wp-json\/wp\/v2\/product_tag?post=16778"}],"curies":[{"name":"wp","href":"https:\/\/api.w.org\/{rel}","templated":true}]}}