{"id":16777,"date":"2025-02-11T13:37:56","date_gmt":"2025-02-11T11:37:56","guid":{"rendered":"https:\/\/military-classic-auction.com\/?post_type=product&#038;p=16777"},"modified":"2025-02-21T15:17:39","modified_gmt":"2025-02-21T13:17:39","slug":"casquette-dofficier-politisch-leiter-ortsgruppe-nsdap-3","status":"publish","type":"product","link":"https:\/\/military-classic-auction.com\/en\/product\/casquette-dofficier-politisch-leiter-ortsgruppe-nsdap-3\/","title":{"rendered":"Casquette d&rsquo;officier &#8211; Politisch Leiter Ortsgruppe &#8211; NSDAP"},"content":{"rendered":"<p>Casquette d&rsquo;officier &#8211; Politisch Leiter Ortsgruppe &#8211; NSDAP<br \/>\nFabrication : RZM &#8211; num\u00e9ro 170888<br \/>\n\u00c9tiquette sous bandeau.<br \/>\nNon authentifi\u00e9e par expert.<br \/>\n(En l&rsquo;\u00e9tat, usures, bandeau abim\u00e9 et cassant)<br \/>\n&#8211;<br \/>\nOfficer&rsquo;s cap &#8211; Politisch Leiter Ortsgruppe &#8211; NSDAP<br \/>\nManufacture: RZM &#8211; number 170888<br \/>\nLabel under headband.<br \/>\nNot authenticated by expert.<br \/>\n(As is, worn, band damaged and broken).<\/p>","protected":false},"excerpt":{"rendered":"<p>Casquette d&rsquo;officier &#8211; Politisch Leiter Ortsgruppe &#8211; NSDAP Fabrication : RZM &#8211; num\u00e9ro 170888 \u00c9tiquette sous bandeau. Non authentifi\u00e9e par expert. (En l&rsquo;\u00e9tat, usures, bandeau abim\u00e9 et cassant) &#8211; Officer&rsquo;s cap &#8211; Politisch Leiter Ortsgruppe &#8211; NSDAP Manufacture: RZM &#8211; number 170888 Label under headband. Not authenticated by expert. (As is, worn, band damaged and<a class=\"more-link\" href=\"https:\/\/military-classic-auction.com\/en\/product\/casquette-dofficier-politisch-leiter-ortsgruppe-nsdap-3\/\">Read more  &#10230;<\/a><\/p>","protected":false},"featured_media":15581,"template":"","meta":[],"product_brand":[],"product_cat":[77],"product_tag":[],"class_list":{"0":"post-16777","1":"product","2":"type-product","3":"status-publish","4":"has-post-thumbnail","6":"product_cat-coiffes-dagues-du-reich-2025-02","8":"first","9":"instock","10":"sold-individually","11":"purchasable","12":"product-type-auction"},"aioseo_notices":[],"_links":{"self":[{"href":"https:\/\/military-classic-auction.com\/en\/wp-json\/wp\/v2\/product\/16777","targetHints":{"allow":["GET"]}}],"collection":[{"href":"https:\/\/military-classic-auction.com\/en\/wp-json\/wp\/v2\/product"}],"about":[{"href":"https:\/\/military-classic-auction.com\/en\/wp-json\/wp\/v2\/types\/product"}],"wp:featuredmedia":[{"embeddable":true,"href":"https:\/\/military-classic-auction.com\/en\/wp-json\/wp\/v2\/media\/15581"}],"wp:attachment":[{"href":"https:\/\/military-classic-auction.com\/en\/wp-json\/wp\/v2\/media?parent=16777"}],"wp:term":[{"taxonomy":"product_brand","embeddable":true,"href":"https:\/\/military-classic-auction.com\/en\/wp-json\/wp\/v2\/product_brand?post=16777"},{"taxonomy":"product_cat","embeddable":true,"href":"https:\/\/military-classic-auction.com\/en\/wp-json\/wp\/v2\/product_cat?post=16777"},{"taxonomy":"product_tag","embeddable":true,"href":"https:\/\/military-classic-auction.com\/en\/wp-json\/wp\/v2\/product_tag?post=16777"}],"curies":[{"name":"wp","href":"https:\/\/api.w.org\/{rel}","templated":true}]}}