{"id":16775,"date":"2025-02-11T13:37:51","date_gmt":"2025-02-11T11:37:51","guid":{"rendered":"https:\/\/military-classic-auction.com\/?post_type=product&#038;p=16775"},"modified":"2025-02-21T12:21:14","modified_gmt":"2025-02-21T10:21:14","slug":"casquette-dofficier-politisch-leiter-ortsgruppe-nsdap-2","status":"publish","type":"product","link":"https:\/\/military-classic-auction.com\/en\/product\/casquette-dofficier-politisch-leiter-ortsgruppe-nsdap-2\/","title":{"rendered":"Casquette d&rsquo;officier &#8211; Politisch Leiter Ortsgruppe &#8211; NSDAP"},"content":{"rendered":"<p>Casquette d&rsquo;officier &#8211; Politisch Leiter Ortsgruppe &#8211; NSDAP<br \/>\nFabrication : RZM &#8211; num\u00e9ro 120376<br \/>\nTaille : 58<br \/>\nNon authentifi\u00e9e par expert.<br \/>\n(En l&rsquo;\u00e9tat, usures, bandeau cassant)<br \/>\n&#8211;<br \/>\nOfficer&rsquo;s cap &#8211; Politisch Leiter Ortsgruppe &#8211; NSDAP<br \/>\nManufacture: RZM &#8211; number 120376<br \/>\nSize : 58<br \/>\nNot authenticated by expert.<br \/>\n(As is, wear and tear, broken headband)<\/p>","protected":false},"excerpt":{"rendered":"<p>Casquette d&rsquo;officier &#8211; Politisch Leiter Ortsgruppe &#8211; NSDAP Fabrication : RZM &#8211; num\u00e9ro 120376 Taille : 58 Non authentifi\u00e9e par expert. (En l&rsquo;\u00e9tat, usures, bandeau cassant) &#8211; Officer&rsquo;s cap &#8211; Politisch Leiter Ortsgruppe &#8211; NSDAP Manufacture: RZM &#8211; number 120376 Size : 58 Not authenticated by expert. (As is, wear and tear, broken headband)<\/p>","protected":false},"featured_media":15547,"template":"","meta":[],"product_brand":[],"product_cat":[77],"product_tag":[],"class_list":{"0":"post-16775","1":"product","2":"type-product","3":"status-publish","4":"has-post-thumbnail","6":"product_cat-coiffes-dagues-du-reich-2025-02","8":"first","9":"instock","10":"sold-individually","11":"purchasable","12":"product-type-auction"},"aioseo_notices":[],"_links":{"self":[{"href":"https:\/\/military-classic-auction.com\/en\/wp-json\/wp\/v2\/product\/16775","targetHints":{"allow":["GET"]}}],"collection":[{"href":"https:\/\/military-classic-auction.com\/en\/wp-json\/wp\/v2\/product"}],"about":[{"href":"https:\/\/military-classic-auction.com\/en\/wp-json\/wp\/v2\/types\/product"}],"wp:featuredmedia":[{"embeddable":true,"href":"https:\/\/military-classic-auction.com\/en\/wp-json\/wp\/v2\/media\/15547"}],"wp:attachment":[{"href":"https:\/\/military-classic-auction.com\/en\/wp-json\/wp\/v2\/media?parent=16775"}],"wp:term":[{"taxonomy":"product_brand","embeddable":true,"href":"https:\/\/military-classic-auction.com\/en\/wp-json\/wp\/v2\/product_brand?post=16775"},{"taxonomy":"product_cat","embeddable":true,"href":"https:\/\/military-classic-auction.com\/en\/wp-json\/wp\/v2\/product_cat?post=16775"},{"taxonomy":"product_tag","embeddable":true,"href":"https:\/\/military-classic-auction.com\/en\/wp-json\/wp\/v2\/product_tag?post=16775"}],"curies":[{"name":"wp","href":"https:\/\/api.w.org\/{rel}","templated":true}]}}