{"id":16773,"date":"2025-02-11T13:37:45","date_gmt":"2025-02-11T11:37:45","guid":{"rendered":"https:\/\/military-classic-auction.com\/?post_type=product&#038;p=16773"},"modified":"2025-02-19T07:45:47","modified_gmt":"2025-02-19T05:45:47","slug":"casquette-dofficier-politisch-leiter-ortsgruppe-nsdap","status":"publish","type":"product","link":"https:\/\/military-classic-auction.com\/en\/product\/casquette-dofficier-politisch-leiter-ortsgruppe-nsdap\/","title":{"rendered":"Casquette d&rsquo;officier &#8211; Politisch Leiter Ortsgruppe &#8211; NSDAP"},"content":{"rendered":"<p>Casquette d&rsquo;officier &#8211; Politisch Leiter Ortsgruppe &#8211; NSDAP<br \/>\nFabrication : RZM &#8211; num\u00e9ro 171644<br \/>\n\u00c9tiquette sous bandeau.<br \/>\nNon authentifi\u00e9e par expert.<br \/>\n(En l&rsquo;\u00e9tat, usures, l\u00e9ger jeu des feuilles de ch\u00eane, bandeau d\u00e9cousu et abim\u00e9)<br \/>\n&#8211;<br \/>\nOfficer&rsquo;s cap &#8211; Politisch Leiter Ortsgruppe &#8211; NSDAP<br \/>\nManufacture: RZM &#8211; number 171644<br \/>\nLabel under headband.<br \/>\nNot authenticated by expert.<br \/>\n(As is, wear, slight play of oak leaves, headband detached and damaged).<\/p>","protected":false},"excerpt":{"rendered":"<p>Casquette d&rsquo;officier &#8211; Politisch Leiter Ortsgruppe &#8211; NSDAP Fabrication : RZM &#8211; num\u00e9ro 171644 \u00c9tiquette sous bandeau. Non authentifi\u00e9e par expert. (En l&rsquo;\u00e9tat, usures, l\u00e9ger jeu des feuilles de ch\u00eane, bandeau d\u00e9cousu et abim\u00e9) &#8211; Officer&rsquo;s cap &#8211; Politisch Leiter Ortsgruppe &#8211; NSDAP Manufacture: RZM &#8211; number 171644 Label under headband. Not authenticated by expert.<a class=\"more-link\" href=\"https:\/\/military-classic-auction.com\/en\/product\/casquette-dofficier-politisch-leiter-ortsgruppe-nsdap\/\">Read more  &#10230;<\/a><\/p>","protected":false},"featured_media":15512,"template":"","meta":[],"product_brand":[],"product_cat":[77],"product_tag":[],"class_list":{"0":"post-16773","1":"product","2":"type-product","3":"status-publish","4":"has-post-thumbnail","6":"product_cat-coiffes-dagues-du-reich-2025-02","8":"first","9":"instock","10":"sold-individually","11":"purchasable","12":"product-type-auction"},"aioseo_notices":[],"_links":{"self":[{"href":"https:\/\/military-classic-auction.com\/en\/wp-json\/wp\/v2\/product\/16773","targetHints":{"allow":["GET"]}}],"collection":[{"href":"https:\/\/military-classic-auction.com\/en\/wp-json\/wp\/v2\/product"}],"about":[{"href":"https:\/\/military-classic-auction.com\/en\/wp-json\/wp\/v2\/types\/product"}],"wp:featuredmedia":[{"embeddable":true,"href":"https:\/\/military-classic-auction.com\/en\/wp-json\/wp\/v2\/media\/15512"}],"wp:attachment":[{"href":"https:\/\/military-classic-auction.com\/en\/wp-json\/wp\/v2\/media?parent=16773"}],"wp:term":[{"taxonomy":"product_brand","embeddable":true,"href":"https:\/\/military-classic-auction.com\/en\/wp-json\/wp\/v2\/product_brand?post=16773"},{"taxonomy":"product_cat","embeddable":true,"href":"https:\/\/military-classic-auction.com\/en\/wp-json\/wp\/v2\/product_cat?post=16773"},{"taxonomy":"product_tag","embeddable":true,"href":"https:\/\/military-classic-auction.com\/en\/wp-json\/wp\/v2\/product_tag?post=16773"}],"curies":[{"name":"wp","href":"https:\/\/api.w.org\/{rel}","templated":true}]}}