{"id":16769,"date":"2025-02-11T13:37:33","date_gmt":"2025-02-11T11:37:33","guid":{"rendered":"https:\/\/military-classic-auction.com\/?post_type=product&#038;p=16769"},"modified":"2025-02-11T13:37:34","modified_gmt":"2025-02-11T11:37:34","slug":"dague-de-chasse-longue-7","status":"publish","type":"product","link":"https:\/\/military-classic-auction.com\/en\/product\/dague-de-chasse-longue-7\/","title":{"rendered":"Dague de chasse longue"},"content":{"rendered":"<p>Dague de chasse longue<br \/>\nFabrication : \u00ab\u00a0Eickhorn &#8211; Solingen\u00a0\u00bb<br \/>\nLame grav\u00e9e, repr\u00e9sentation d&rsquo;une sc\u00e8ne de chasse.<br \/>\nTaille de la lame : 33cm.<br \/>\n(En l&rsquo;\u00e9tat, usures)<br \/>\n&#8211;<br \/>\nLong hunting dagger<br \/>\nManufactured: \u00ab\u00a0Eickhorn &#8211; Solingen\u00a0\u00bb<br \/>\nEngraved blade, representation of a hunting scene.<br \/>\nBlade size: 13&Prime;<\/p>","protected":false},"excerpt":{"rendered":"<p>Dague de chasse longue Fabrication : \u00ab\u00a0Eickhorn &#8211; Solingen\u00a0\u00bb Lame grav\u00e9e, repr\u00e9sentation d&rsquo;une sc\u00e8ne de chasse. Taille de la lame : 33cm. (En l&rsquo;\u00e9tat, usures) &#8211; Long hunting dagger Manufactured: \u00ab\u00a0Eickhorn &#8211; Solingen\u00a0\u00bb Engraved blade, representation of a hunting scene. Blade size: 13&Prime;<\/p>","protected":false},"featured_media":15463,"template":"","meta":[],"product_brand":[],"product_cat":[77],"product_tag":[],"class_list":{"0":"post-16769","1":"product","2":"type-product","3":"status-publish","4":"has-post-thumbnail","6":"product_cat-coiffes-dagues-du-reich-2025-02","8":"first","9":"instock","10":"sold-individually","11":"purchasable","12":"product-type-auction"},"aioseo_notices":[],"_links":{"self":[{"href":"https:\/\/military-classic-auction.com\/en\/wp-json\/wp\/v2\/product\/16769","targetHints":{"allow":["GET"]}}],"collection":[{"href":"https:\/\/military-classic-auction.com\/en\/wp-json\/wp\/v2\/product"}],"about":[{"href":"https:\/\/military-classic-auction.com\/en\/wp-json\/wp\/v2\/types\/product"}],"wp:featuredmedia":[{"embeddable":true,"href":"https:\/\/military-classic-auction.com\/en\/wp-json\/wp\/v2\/media\/15463"}],"wp:attachment":[{"href":"https:\/\/military-classic-auction.com\/en\/wp-json\/wp\/v2\/media?parent=16769"}],"wp:term":[{"taxonomy":"product_brand","embeddable":true,"href":"https:\/\/military-classic-auction.com\/en\/wp-json\/wp\/v2\/product_brand?post=16769"},{"taxonomy":"product_cat","embeddable":true,"href":"https:\/\/military-classic-auction.com\/en\/wp-json\/wp\/v2\/product_cat?post=16769"},{"taxonomy":"product_tag","embeddable":true,"href":"https:\/\/military-classic-auction.com\/en\/wp-json\/wp\/v2\/product_tag?post=16769"}],"curies":[{"name":"wp","href":"https:\/\/api.w.org\/{rel}","templated":true}]}}