{"id":16768,"date":"2025-02-11T13:37:30","date_gmt":"2025-02-11T11:37:30","guid":{"rendered":"https:\/\/military-classic-auction.com\/?post_type=product&#038;p=16768"},"modified":"2025-02-11T13:37:32","modified_gmt":"2025-02-11T11:37:32","slug":"dague-de-chasse-longue-6","status":"publish","type":"product","link":"https:\/\/military-classic-auction.com\/en\/product\/dague-de-chasse-longue-6\/","title":{"rendered":"Dague de chasse longue"},"content":{"rendered":"<p>Dague de chasse longue<br \/>\nFabrication : \u00ab\u00a0Eickhorn &#8211; Solingen\u00a0\u00bb<br \/>\nLame grav\u00e9e repr\u00e9sentant une sc\u00e8ne de chasse.<br \/>\nAvec son gousset cuir.<br \/>\nTaille de la lame : 33cm<br \/>\n(En l&rsquo;\u00e9tat, usures)<br \/>\n&#8211;<br \/>\nLong hunting dagger<br \/>\nManufactured: \u00ab\u00a0Eickhorn &#8211; Solingen\u00a0\u00bb<br \/>\nEngraved blade representing a hunting scene.<br \/>\nWith its leather gusset<br \/>\nBlade size: 13&Prime;<\/p>","protected":false},"excerpt":{"rendered":"<p>Dague de chasse longue Fabrication : \u00ab\u00a0Eickhorn &#8211; Solingen\u00a0\u00bb Lame grav\u00e9e repr\u00e9sentant une sc\u00e8ne de chasse. Avec son gousset cuir. Taille de la lame : 33cm (En l&rsquo;\u00e9tat, usures) &#8211; Long hunting dagger Manufactured: \u00ab\u00a0Eickhorn &#8211; Solingen\u00a0\u00bb Engraved blade representing a hunting scene. With its leather gusset Blade size: 13&Prime;<\/p>","protected":false},"featured_media":15452,"template":"","meta":[],"product_brand":[],"product_cat":[77],"product_tag":[],"class_list":{"0":"post-16768","1":"product","2":"type-product","3":"status-publish","4":"has-post-thumbnail","6":"product_cat-coiffes-dagues-du-reich-2025-02","8":"first","9":"instock","10":"sold-individually","11":"purchasable","12":"product-type-auction"},"aioseo_notices":[],"_links":{"self":[{"href":"https:\/\/military-classic-auction.com\/en\/wp-json\/wp\/v2\/product\/16768","targetHints":{"allow":["GET"]}}],"collection":[{"href":"https:\/\/military-classic-auction.com\/en\/wp-json\/wp\/v2\/product"}],"about":[{"href":"https:\/\/military-classic-auction.com\/en\/wp-json\/wp\/v2\/types\/product"}],"wp:featuredmedia":[{"embeddable":true,"href":"https:\/\/military-classic-auction.com\/en\/wp-json\/wp\/v2\/media\/15452"}],"wp:attachment":[{"href":"https:\/\/military-classic-auction.com\/en\/wp-json\/wp\/v2\/media?parent=16768"}],"wp:term":[{"taxonomy":"product_brand","embeddable":true,"href":"https:\/\/military-classic-auction.com\/en\/wp-json\/wp\/v2\/product_brand?post=16768"},{"taxonomy":"product_cat","embeddable":true,"href":"https:\/\/military-classic-auction.com\/en\/wp-json\/wp\/v2\/product_cat?post=16768"},{"taxonomy":"product_tag","embeddable":true,"href":"https:\/\/military-classic-auction.com\/en\/wp-json\/wp\/v2\/product_tag?post=16768"}],"curies":[{"name":"wp","href":"https:\/\/api.w.org\/{rel}","templated":true}]}}