{"id":16767,"date":"2025-02-11T13:37:28","date_gmt":"2025-02-11T11:37:28","guid":{"rendered":"https:\/\/military-classic-auction.com\/?post_type=product&#038;p=16767"},"modified":"2025-02-21T15:29:21","modified_gmt":"2025-02-21T13:29:21","slug":"dague-de-chasse-longue-ligue-des-tireurs-2","status":"publish","type":"product","link":"https:\/\/military-classic-auction.com\/en\/product\/dague-de-chasse-longue-ligue-des-tireurs-2\/","title":{"rendered":"Dague de chasse longue &#8211; Ligue des tireurs"},"content":{"rendered":"<p>Dague de chasse longue &#8211; Ligue des tireurs<br \/>\nFabrication : \u00ab\u00a0F.W Holler\u00a0\u00bb<br \/>\nLame grav\u00e9e<br \/>\nPoign\u00e9e fendue.<br \/>\nTaille de la lame : 39cm.<br \/>\n(En l&rsquo;\u00e9tat, usures)<br \/>\n&#8211;<br \/>\nLong hunting dagger &#8211; League of shooters<br \/>\nManufactured: \u00ab\u00a0F.W Holler\u00a0\u00bb<br \/>\nEngraved blade<br \/>\nSplit handle.<br \/>\nBlade size: 15,3&Prime;<\/p>","protected":false},"excerpt":{"rendered":"<p>Dague de chasse longue &#8211; Ligue des tireurs Fabrication : \u00ab\u00a0F.W Holler\u00a0\u00bb Lame grav\u00e9e Poign\u00e9e fendue. Taille de la lame : 39cm. (En l&rsquo;\u00e9tat, usures) &#8211; Long hunting dagger &#8211; League of shooters Manufactured: \u00ab\u00a0F.W Holler\u00a0\u00bb Engraved blade Split handle. Blade size: 15,3&Prime;<\/p>","protected":false},"featured_media":15442,"template":"","meta":[],"product_brand":[],"product_cat":[77],"product_tag":[],"class_list":{"0":"post-16767","1":"product","2":"type-product","3":"status-publish","4":"has-post-thumbnail","6":"product_cat-coiffes-dagues-du-reich-2025-02","8":"first","9":"instock","10":"sold-individually","11":"purchasable","12":"product-type-auction"},"aioseo_notices":[],"_links":{"self":[{"href":"https:\/\/military-classic-auction.com\/en\/wp-json\/wp\/v2\/product\/16767","targetHints":{"allow":["GET"]}}],"collection":[{"href":"https:\/\/military-classic-auction.com\/en\/wp-json\/wp\/v2\/product"}],"about":[{"href":"https:\/\/military-classic-auction.com\/en\/wp-json\/wp\/v2\/types\/product"}],"wp:featuredmedia":[{"embeddable":true,"href":"https:\/\/military-classic-auction.com\/en\/wp-json\/wp\/v2\/media\/15442"}],"wp:attachment":[{"href":"https:\/\/military-classic-auction.com\/en\/wp-json\/wp\/v2\/media?parent=16767"}],"wp:term":[{"taxonomy":"product_brand","embeddable":true,"href":"https:\/\/military-classic-auction.com\/en\/wp-json\/wp\/v2\/product_brand?post=16767"},{"taxonomy":"product_cat","embeddable":true,"href":"https:\/\/military-classic-auction.com\/en\/wp-json\/wp\/v2\/product_cat?post=16767"},{"taxonomy":"product_tag","embeddable":true,"href":"https:\/\/military-classic-auction.com\/en\/wp-json\/wp\/v2\/product_tag?post=16767"}],"curies":[{"name":"wp","href":"https:\/\/api.w.org\/{rel}","templated":true}]}}