{"id":16766,"date":"2025-02-11T13:37:26","date_gmt":"2025-02-11T11:37:26","guid":{"rendered":"https:\/\/military-classic-auction.com\/?post_type=product&#038;p=16766"},"modified":"2025-02-22T02:49:02","modified_gmt":"2025-02-22T00:49:02","slug":"dague-de-chasse-courte-5","status":"publish","type":"product","link":"https:\/\/military-classic-auction.com\/en\/product\/dague-de-chasse-courte-5\/","title":{"rendered":"Dague de chasse courte"},"content":{"rendered":"<p>Dague de chasse courte<br \/>\nLame grav\u00e9e et personnalis\u00e9e.<br \/>\nGousset cuir de couleur noir.<br \/>\nTaille de la lame : 27cm.<br \/>\n(En l&rsquo;\u00e9tat, usures)<br \/>\n&#8211;<br \/>\nShort blade hunting dagger<br \/>\nEngraved and personalized blade.<br \/>\nBlack leather gusset.<br \/>\nBlade size: 10,6&Prime;<\/p>","protected":false},"excerpt":{"rendered":"<p>Dague de chasse courte Lame grav\u00e9e et personnalis\u00e9e. Gousset cuir de couleur noir. Taille de la lame : 27cm. (En l&rsquo;\u00e9tat, usures) &#8211; Short blade hunting dagger Engraved and personalized blade. Black leather gusset. Blade size: 10,6&Prime;<\/p>","protected":false},"featured_media":15432,"template":"","meta":[],"product_brand":[],"product_cat":[77],"product_tag":[],"class_list":{"0":"post-16766","1":"product","2":"type-product","3":"status-publish","4":"has-post-thumbnail","6":"product_cat-coiffes-dagues-du-reich-2025-02","8":"first","9":"instock","10":"sold-individually","11":"purchasable","12":"product-type-auction"},"aioseo_notices":[],"_links":{"self":[{"href":"https:\/\/military-classic-auction.com\/en\/wp-json\/wp\/v2\/product\/16766","targetHints":{"allow":["GET"]}}],"collection":[{"href":"https:\/\/military-classic-auction.com\/en\/wp-json\/wp\/v2\/product"}],"about":[{"href":"https:\/\/military-classic-auction.com\/en\/wp-json\/wp\/v2\/types\/product"}],"wp:featuredmedia":[{"embeddable":true,"href":"https:\/\/military-classic-auction.com\/en\/wp-json\/wp\/v2\/media\/15432"}],"wp:attachment":[{"href":"https:\/\/military-classic-auction.com\/en\/wp-json\/wp\/v2\/media?parent=16766"}],"wp:term":[{"taxonomy":"product_brand","embeddable":true,"href":"https:\/\/military-classic-auction.com\/en\/wp-json\/wp\/v2\/product_brand?post=16766"},{"taxonomy":"product_cat","embeddable":true,"href":"https:\/\/military-classic-auction.com\/en\/wp-json\/wp\/v2\/product_cat?post=16766"},{"taxonomy":"product_tag","embeddable":true,"href":"https:\/\/military-classic-auction.com\/en\/wp-json\/wp\/v2\/product_tag?post=16766"}],"curies":[{"name":"wp","href":"https:\/\/api.w.org\/{rel}","templated":true}]}}