{"id":16762,"date":"2025-02-11T13:37:17","date_gmt":"2025-02-11T11:37:17","guid":{"rendered":"https:\/\/military-classic-auction.com\/?post_type=product&#038;p=16762"},"modified":"2025-02-21T12:19:21","modified_gmt":"2025-02-21T10:19:21","slug":"casquette-de-sous-officier-luftwaffe-6","status":"publish","type":"product","link":"https:\/\/military-classic-auction.com\/en\/product\/casquette-de-sous-officier-luftwaffe-6\/","title":{"rendered":"Casquette de sous officier &#8211; Luftwaffe"},"content":{"rendered":"<p>Casquette de sous officier &#8211; Luftwaffe<br \/>\nLiser\u00e9 jaune : personnel volant<br \/>\nFabrication : Deutsche Wertarbeit<br \/>\nTaille : 56<br \/>\nNominative sur le bandeau.<br \/>\n(En l&rsquo;\u00e9tat, usures, trous, r\u00e9parations)<br \/>\n&#8211;<br \/>\nNCO cap &#8211; Luftwaffe<br \/>\nYellow piping: flying personnel<br \/>\nManufacture: Deutsche Wertarbeit<br \/>\nSize: 56cm<br \/>\nNominative on headband.<br \/>\n(As is, wear, holes, repairs)<\/p>","protected":false},"excerpt":{"rendered":"<p>Casquette de sous officier &#8211; Luftwaffe Liser\u00e9 jaune : personnel volant Fabrication : Deutsche Wertarbeit Taille : 56 Nominative sur le bandeau. (En l&rsquo;\u00e9tat, usures, trous, r\u00e9parations) &#8211; NCO cap &#8211; Luftwaffe Yellow piping: flying personnel Manufacture: Deutsche Wertarbeit Size: 56cm Nominative on headband. (As is, wear, holes, repairs)<\/p>","protected":false},"featured_media":15389,"template":"","meta":[],"product_brand":[],"product_cat":[77],"product_tag":[],"class_list":{"0":"post-16762","1":"product","2":"type-product","3":"status-publish","4":"has-post-thumbnail","6":"product_cat-coiffes-dagues-du-reich-2025-02","8":"first","9":"instock","10":"sold-individually","11":"purchasable","12":"product-type-auction"},"aioseo_notices":[],"_links":{"self":[{"href":"https:\/\/military-classic-auction.com\/en\/wp-json\/wp\/v2\/product\/16762","targetHints":{"allow":["GET"]}}],"collection":[{"href":"https:\/\/military-classic-auction.com\/en\/wp-json\/wp\/v2\/product"}],"about":[{"href":"https:\/\/military-classic-auction.com\/en\/wp-json\/wp\/v2\/types\/product"}],"wp:featuredmedia":[{"embeddable":true,"href":"https:\/\/military-classic-auction.com\/en\/wp-json\/wp\/v2\/media\/15389"}],"wp:attachment":[{"href":"https:\/\/military-classic-auction.com\/en\/wp-json\/wp\/v2\/media?parent=16762"}],"wp:term":[{"taxonomy":"product_brand","embeddable":true,"href":"https:\/\/military-classic-auction.com\/en\/wp-json\/wp\/v2\/product_brand?post=16762"},{"taxonomy":"product_cat","embeddable":true,"href":"https:\/\/military-classic-auction.com\/en\/wp-json\/wp\/v2\/product_cat?post=16762"},{"taxonomy":"product_tag","embeddable":true,"href":"https:\/\/military-classic-auction.com\/en\/wp-json\/wp\/v2\/product_tag?post=16762"}],"curies":[{"name":"wp","href":"https:\/\/api.w.org\/{rel}","templated":true}]}}